{"id":247,"date":"2025-12-20T15:19:09","date_gmt":"2025-12-20T14:19:09","guid":{"rendered":"https:\/\/praxis-echte.de\/arzt\/?page_id=247"},"modified":"2026-01-12T18:06:11","modified_gmt":"2026-01-12T17:06:11","slug":"das-team-der-praxis-echte-stellt-sich-vor","status":"publish","type":"page","link":"https:\/\/praxis-echte.de\/arzt\/das-team-der-praxis-echte-stellt-sich-vor\/","title":{"rendered":"Unser Team"},"content":{"rendered":"\n<div class=\"wp-block-group has-global-padding is-layout-constrained wp-block-group-is-layout-constrained\">\n<p class=\"has-large-font-size\">Dana Seidel<\/p>\n\n\n\n<p class=\"has-medium-font-size\">Fach\u00e4rztin f\u00fcr Innere Medizin<\/p>\n\n\n\n<figure class=\"wp-block-image size-full is-resized\"><img loading=\"lazy\" decoding=\"async\" width=\"320\" height=\"480\" src=\"https:\/\/praxis-echte.de\/arzt\/wp-content\/uploads\/2025\/12\/Dana-1.jpg\" alt=\"\" class=\"wp-image-254\" style=\"width:150px\" srcset=\"https:\/\/praxis-echte.de\/arzt\/wp-content\/uploads\/2025\/12\/Dana-1.jpg 320w, https:\/\/praxis-echte.de\/arzt\/wp-content\/uploads\/2025\/12\/Dana-1-200x300.jpg 200w\" sizes=\"auto, (max-width: 320px) 100vw, 320px\" \/><\/figure>\n\n\n\n<p class=\"has-small-font-size\">Ein paar Worte zu meiner Person:<\/p>\n\n\n\n<p class=\"has-small-font-size\">Seit Oktober 2017 bin ich zusammen mit Herrn Brunotte in unserer haus\u00e4rztlichen Gemeinschaftspraxis t\u00e4tig und m\u00f6chte Ihnen hier die Gelegenheit geben, mich etwas kennen zu lernen. Ich wurde 1979 in Bergen auf R\u00fcgen geboren, wo ich auch 1998 mein Abitur gemacht habe. Von 1999 bis 2005 habe ich Humanmedizin an der Universit\u00e4t G\u00f6ttingen studiert und im Jahr 2005 meine Approbation erhalten. Im Januar 2006 habe ich meine Weiterbildung zur Fach\u00e4rztin f\u00fcr Innere Medizin im Krankenhaus Herzberg begonnen, welche ich 2014 abgeschlossen habe. Im Oktober 2014 \u00fcbernahm ich die \u00e4rztliche Leitung des MVZ in Osterode. Dort habe ich an 3 Tagen in der Woche eine haus\u00e4rztliche ambulante Betreuung angeboten. Hierbei war ich immer erster Ansprechpartner in allen gesundheitlichen Belangen, egal ob es sich um die Diagnose und Behandlung akuter oder chronischer Erkrankungen, Vorsorgeuntersuchungen oder Krankheitsnachsorge ging. An den restlichen 2 Tagen habe ich weiterhin im Krankenhaus gearbeitet und hier war ich vor allem f\u00fcr die die Versorgung der Patienten auf der Intensivstation, in der Diagnostik oder als leitende \u00c4rztin der Notaufnahme eingesetzt. Mit meinem Mann und unseren 2 Kindern wohne ich in G\u00f6ttingen.<br><\/p>\n<\/div>\n\n\n\n<hr class=\"wp-block-separator has-alpha-channel-opacity is-style-wide\" style=\"margin-top:var(--wp--preset--spacing--10);margin-bottom:var(--wp--preset--spacing--10)\"\/>\n\n\n\n<div class=\"wp-block-group has-global-padding is-layout-constrained wp-block-group-is-layout-constrained\">\n<p class=\"has-large-font-size\">Dr. med. Jonas Brunotte<\/p>\n\n\n\n<p class=\"has-medium-font-size\">Facharzt f\u00fcr Innere Medizin<\/p>\n\n\n\n<figure class=\"wp-block-image size-full is-resized\"><img loading=\"lazy\" decoding=\"async\" width=\"320\" height=\"480\" src=\"https:\/\/praxis-echte.de\/arzt\/wp-content\/uploads\/2025\/12\/Jonas.jpg\" alt=\"\" class=\"wp-image-268\" style=\"width:150px\" srcset=\"https:\/\/praxis-echte.de\/arzt\/wp-content\/uploads\/2025\/12\/Jonas.jpg 320w, https:\/\/praxis-echte.de\/arzt\/wp-content\/uploads\/2025\/12\/Jonas-200x300.jpg 200w\" sizes=\"auto, (max-width: 320px) 100vw, 320px\" \/><\/figure>\n\n\n\n<p class=\"has-small-font-size\">Ein paar Worte zu meiner Person:<\/p>\n\n\n\n<p class=\"has-small-font-size\">Ich bin seit Oktober 2017 zusammen mit Frau Seidel in unserer Praxis t\u00e4tig und m\u00f6chte mich Ihnen kurz vorstellen. Urspr\u00fcnglich stamme ich aus Hildesheim, mein Studium der Humanmedizin absolvierte ich an der Georg-August- Universit\u00e4t G\u00f6ttingen, wo ich 2010 auch mein Examen ablegte und meine Promotion im Fachgebiet der Neurologie erlangte. Von Juli 2010 bis August 2016 war ich in der Klinik f\u00fcr Innere Medizin am Krankenhaus Herzberg t\u00e4tig. Anschlie\u00dfend \u00fcbernahm ich 2016 die haus\u00e4rztliche T\u00e4tigkeit im Medizinischen Versorgungszentrum Herzberg Zentrum, wo ich auch als \u00e4rztlicher Leiter t\u00e4tig war. Ich bin verheiratet und habe zwei Kinder. Die T\u00e4tigkeit als Arzt bereitet mir gro\u00dfe Freude. Insbesondere die Betreuung von Patienten in der haus\u00e4rztlichen Behandlung begeistert mich immer wieder, da so eine langfristige Vertrauensbasis und Begleitung der Patienten entstehen kann.<\/p>\n\n\n\n<hr class=\"wp-block-separator has-alpha-channel-opacity is-style-wide\" style=\"margin-top:var(--wp--preset--spacing--10);margin-bottom:var(--wp--preset--spacing--10)\"\/>\n<\/div>\n\n\n\n<p class=\"has-large-font-size\"><br>Fachassistentinnen &amp; Arzthelferinnen<\/p>\n\n\n\n<figure class=\"wp-block-gallery aligncenter has-nested-images columns-2 is-cropped wp-block-gallery-1 is-layout-flex wp-block-gallery-is-layout-flex\">\n<figure class=\"wp-block-image size-large\"><img loading=\"lazy\" decoding=\"async\" width=\"320\" height=\"480\" data-id=\"287\" src=\"https:\/\/praxis-echte.de\/arzt\/wp-content\/uploads\/2025\/12\/Frau-Winkelmann-1.jpg\" alt=\"\" class=\"wp-image-287\" srcset=\"https:\/\/praxis-echte.de\/arzt\/wp-content\/uploads\/2025\/12\/Frau-Winkelmann-1.jpg 320w, https:\/\/praxis-echte.de\/arzt\/wp-content\/uploads\/2025\/12\/Frau-Winkelmann-1-200x300.jpg 200w\" sizes=\"auto, (max-width: 320px) 100vw, 320px\" \/><figcaption class=\"wp-element-caption\"><strong>Frau Winkelmann<br>Leitende MFA, Praxismanagerin<\/strong><\/figcaption><\/figure>\n\n\n\n<figure class=\"wp-block-image size-large\"><img loading=\"lazy\" decoding=\"async\" width=\"682\" height=\"1024\" data-id=\"298\" src=\"https:\/\/praxis-echte.de\/arzt\/wp-content\/uploads\/2025\/12\/DSC02591-682x1024.jpg\" alt=\"\" class=\"wp-image-298\" srcset=\"https:\/\/praxis-echte.de\/arzt\/wp-content\/uploads\/2025\/12\/DSC02591-682x1024.jpg 682w, https:\/\/praxis-echte.de\/arzt\/wp-content\/uploads\/2025\/12\/DSC02591-200x300.jpg 200w, https:\/\/praxis-echte.de\/arzt\/wp-content\/uploads\/2025\/12\/DSC02591-768x1154.jpg 768w, https:\/\/praxis-echte.de\/arzt\/wp-content\/uploads\/2025\/12\/DSC02591-1022x1536.jpg 1022w, https:\/\/praxis-echte.de\/arzt\/wp-content\/uploads\/2025\/12\/DSC02591-1363x2048.jpg 1363w, https:\/\/praxis-echte.de\/arzt\/wp-content\/uploads\/2025\/12\/DSC02591-scaled.jpg 1704w\" sizes=\"auto, (max-width: 682px) 100vw, 682px\" \/><figcaption class=\"wp-element-caption\"><strong>Frau Reinecke<br>MFA, Beauftragte f\u00fcr Datenschutz<\/strong><\/figcaption><\/figure>\n\n\n\n<figure class=\"wp-block-image size-large\"><img loading=\"lazy\" decoding=\"async\" width=\"320\" height=\"480\" data-id=\"294\" src=\"https:\/\/praxis-echte.de\/arzt\/wp-content\/uploads\/2025\/12\/Frau-Krause2-1.jpg\" alt=\"\" class=\"wp-image-294\" srcset=\"https:\/\/praxis-echte.de\/arzt\/wp-content\/uploads\/2025\/12\/Frau-Krause2-1.jpg 320w, https:\/\/praxis-echte.de\/arzt\/wp-content\/uploads\/2025\/12\/Frau-Krause2-1-200x300.jpg 200w\" sizes=\"auto, (max-width: 320px) 100vw, 320px\" \/><figcaption class=\"wp-element-caption\"><strong>Frau Heinze<br>Leitende MFA, VERAH\u00ae und N\u00e4Pa, Praxismanagerin<\/strong><\/figcaption><\/figure>\n\n\n\n<figure class=\"wp-block-image size-large\"><img loading=\"lazy\" decoding=\"async\" width=\"320\" height=\"480\" data-id=\"286\" src=\"https:\/\/praxis-echte.de\/arzt\/wp-content\/uploads\/2025\/12\/Frau-Nagel-1.jpg\" alt=\"\" class=\"wp-image-286\" srcset=\"https:\/\/praxis-echte.de\/arzt\/wp-content\/uploads\/2025\/12\/Frau-Nagel-1.jpg 320w, https:\/\/praxis-echte.de\/arzt\/wp-content\/uploads\/2025\/12\/Frau-Nagel-1-200x300.jpg 200w\" sizes=\"auto, (max-width: 320px) 100vw, 320px\" \/><figcaption class=\"wp-element-caption\"><strong>Frau Nagel<br>Krankenschweste<\/strong>r<\/figcaption><\/figure>\n\n\n\n<figure class=\"wp-block-image size-large\"><img loading=\"lazy\" decoding=\"async\" width=\"320\" height=\"480\" data-id=\"288\" src=\"https:\/\/praxis-echte.de\/arzt\/wp-content\/uploads\/2025\/12\/Frau-Karges-1-rotated.jpg\" alt=\"\" class=\"wp-image-288\" srcset=\"https:\/\/praxis-echte.de\/arzt\/wp-content\/uploads\/2025\/12\/Frau-Karges-1-rotated.jpg 320w, https:\/\/praxis-echte.de\/arzt\/wp-content\/uploads\/2025\/12\/Frau-Karges-1-200x300.jpg 200w\" sizes=\"auto, (max-width: 320px) 100vw, 320px\" \/><figcaption class=\"wp-element-caption\"><strong>Frau Karges<br>Krankenschwester, Wundmanagerin<\/strong><\/figcaption><\/figure>\n\n\n\n<figure class=\"wp-block-image size-large\"><img loading=\"lazy\" decoding=\"async\" width=\"276\" height=\"315\" data-id=\"291\" src=\"https:\/\/praxis-echte.de\/arzt\/wp-content\/uploads\/2025\/12\/Frau-Sosinski-1.jpg\" alt=\"\" class=\"wp-image-291\" srcset=\"https:\/\/praxis-echte.de\/arzt\/wp-content\/uploads\/2025\/12\/Frau-Sosinski-1.jpg 276w, https:\/\/praxis-echte.de\/arzt\/wp-content\/uploads\/2025\/12\/Frau-Sosinski-1-263x300.jpg 263w\" sizes=\"auto, (max-width: 276px) 100vw, 276px\" \/><figcaption class=\"wp-element-caption\"><br><strong>Frau Sosinski<br>MFA<\/strong><\/figcaption><\/figure>\n\n\n\n<figure class=\"wp-block-image size-large\"><img loading=\"lazy\" decoding=\"async\" width=\"320\" height=\"480\" data-id=\"299\" src=\"https:\/\/praxis-echte.de\/arzt\/wp-content\/uploads\/2025\/12\/Frau-Schlue.jpg\" alt=\"\" class=\"wp-image-299\" srcset=\"https:\/\/praxis-echte.de\/arzt\/wp-content\/uploads\/2025\/12\/Frau-Schlue.jpg 320w, https:\/\/praxis-echte.de\/arzt\/wp-content\/uploads\/2025\/12\/Frau-Schlue-200x300.jpg 200w\" sizes=\"auto, (max-width: 320px) 100vw, 320px\" \/><figcaption class=\"wp-element-caption\"><strong>Frau Schlue<br>MFA<\/strong><\/figcaption><\/figure>\n\n\n\n<figure class=\"wp-block-image size-large\"><img loading=\"lazy\" decoding=\"async\" width=\"989\" height=\"1024\" data-id=\"345\" src=\"https:\/\/praxis-echte.de\/arzt\/wp-content\/uploads\/2025\/12\/400dpiLogoCropped-989x1024.jpg\" alt=\"\" class=\"wp-image-345\" srcset=\"https:\/\/praxis-echte.de\/arzt\/wp-content\/uploads\/2025\/12\/400dpiLogoCropped-989x1024.jpg 989w, https:\/\/praxis-echte.de\/arzt\/wp-content\/uploads\/2025\/12\/400dpiLogoCropped-290x300.jpg 290w, https:\/\/praxis-echte.de\/arzt\/wp-content\/uploads\/2025\/12\/400dpiLogoCropped-768x795.jpg 768w, https:\/\/praxis-echte.de\/arzt\/wp-content\/uploads\/2025\/12\/400dpiLogoCropped.jpg 1317w\" sizes=\"auto, (max-width: 989px) 100vw, 989px\" \/><\/figure>\n<\/figure>\n","protected":false},"excerpt":{"rendered":"<p>Dana Seidel Fach\u00e4rztin f\u00fcr Innere Medizin Ein paar Worte zu meiner Person: Seit Oktober 2017 bin ich zusammen mit Herrn Brunotte in unserer haus\u00e4rztlichen Gemeinschaftspraxis t\u00e4tig und m\u00f6chte Ihnen hier die Gelegenheit geben, mich etwas kennen zu lernen. Ich wurde 1979 in Bergen auf R\u00fcgen geboren, wo ich auch 1998 mein Abitur gemacht habe. Von [&hellip;]<\/p>\n","protected":false},"author":1,"featured_media":0,"parent":0,"menu_order":0,"comment_status":"closed","ping_status":"closed","template":"page-with-sidebar","meta":{"footnotes":""},"class_list":["post-247","page","type-page","status-publish","hentry"],"_links":{"self":[{"href":"https:\/\/praxis-echte.de\/arzt\/wp-json\/wp\/v2\/pages\/247","targetHints":{"allow":["GET"]}}],"collection":[{"href":"https:\/\/praxis-echte.de\/arzt\/wp-json\/wp\/v2\/pages"}],"about":[{"href":"https:\/\/praxis-echte.de\/arzt\/wp-json\/wp\/v2\/types\/page"}],"author":[{"embeddable":true,"href":"https:\/\/praxis-echte.de\/arzt\/wp-json\/wp\/v2\/users\/1"}],"replies":[{"embeddable":true,"href":"https:\/\/praxis-echte.de\/arzt\/wp-json\/wp\/v2\/comments?post=247"}],"version-history":[{"count":34,"href":"https:\/\/praxis-echte.de\/arzt\/wp-json\/wp\/v2\/pages\/247\/revisions"}],"predecessor-version":[{"id":449,"href":"https:\/\/praxis-echte.de\/arzt\/wp-json\/wp\/v2\/pages\/247\/revisions\/449"}],"wp:attachment":[{"href":"https:\/\/praxis-echte.de\/arzt\/wp-json\/wp\/v2\/media?parent=247"}],"curies":[{"name":"wp","href":"https:\/\/api.w.org\/{rel}","templated":true}]}}