{"id":2,"date":"2025-12-17T18:38:30","date_gmt":"2025-12-17T17:38:30","guid":{"rendered":"https:\/\/praxis-echte.de\/arzt\/?page_id=2"},"modified":"2026-02-03T19:12:39","modified_gmt":"2026-02-03T18:12:39","slug":"beispiel-seite","status":"publish","type":"page","link":"https:\/\/praxis-echte.de\/arzt\/","title":{"rendered":"Willkommen in der haus\u00e4rztlichen Gemeinschaftspraxis Echte"},"content":{"rendered":"\n<p class=\"has-contrast-color has-text-color has-link-color wp-elements-4c385d623dbf4205d731793bfbd9cb2a\">Wir begr\u00fc\u00dfen Sie ganz herzlich auf dem Internet-Pr\u00e4senz unserer Hausarzt-Praxis in Echte\/Kalefeld.<\/p>\n\n\n\n<p class=\"has-contrast-color has-text-color has-link-color wp-elements-0322ce7253498082e37eaddba96bce4a\">Wir sind eine haus\u00e4rztlich orientierte Praxis, geleitet von&nbsp;Dana Seidel&nbsp;und&nbsp;Dr. med. Jonas Brunotte, beide Fach\u00e4rzte f\u00fcr Innere Medizin, unterst\u00fctzt von einem engagierten Team aus&nbsp;Fachassistentinnen und Arzthelferinnen.<br>Eine verantwortungsvolle und gr\u00fcndliche haus\u00e4rztliche Betreuung besitzt einen unsch\u00e4tzbaren Stellenwert zur Gesunderhaltung und Genesung. Ein guter Hausarzt ersetzt viele Fach\u00e4rzte und kann wesentlich effektiver helfen, da er den Patienten deutlich besser kennt. Der Mensch wird als Ganzes betrachtet und nicht nur auf eine Erkrankung reduziert. Beschwerden werden bei uns ernst genommen, auch wenn dies manchmal l\u00e4nger dauert als erwartet. <br>Wir bitten daher um Verst\u00e4ndnis wenn Wartezeiten entstehen. <br>Wir bieten ein breites Spektrum an allgemeinmedizinischer und internistischer Diagnostik und Therapie. Als Haus\u00e4rzte bzw. als Hausarzt und Familienmediziner sind wir gern f\u00fcr Sie und Ihre Familie die ersten Ansprechpartner in allen medizinischen Fragen und Fragen der gesunden Lebensf\u00fchrung. <br>Bei&nbsp;allen Erkrankungen koordinieren wir die Behandlung, stellen den Kontakt zu Krankenh\u00e4usern und Spezialisten her und betreuen Sie und Ihre Familie bei schweren Erkrankungen auch zu Hause. Pr\u00e4vention und Krankheitsvorsorge sind weitere wichtige&nbsp;Schwerpunkte unserer Arbeit. Regelm\u00e4\u00dfige Fortbildung ist uns sehr wichtig. Und ein freundliches, aufgeschlossenes Miteinander ganz selbstverst\u00e4ndlich!<br>Neben den <a href=\"https:\/\/praxis-echte.de\/arzt\/?page_id=142\" data-type=\"page\" data-id=\"142\">Leistungen<\/a>, die wir f\u00fcr Sie anbieten, m\u00f6chten wir, dass Sie sich auch sonst bei uns wohlf\u00fchlen. Deshalb:<\/p>\n\n\n\n<ul class=\"wp-block-list\">\n<li>Spielecke f\u00fcr die Kleinen gegen die Langeweile<\/li>\n\n\n\n<li>kurze Wartezeiten<\/li>\n\n\n\n<li>Kostenfreie Parkpl\u00e4tze direkt vor unserer Praxist\u00fcr<\/li>\n\n\n\n<li>Online-Bestellung von Rezepten und \u00dcberweisungen zum Facharzt<\/li>\n<\/ul>\n\n\n\n<p>Wir freuen uns auf ihren Besuch.<\/p>\n\n\n\n<p>Ihr Team der Praxis Echte!<\/p>\n","protected":false},"excerpt":{"rendered":"<p>Wir begr\u00fc\u00dfen Sie ganz herzlich auf dem Internet-Pr\u00e4senz unserer Hausarzt-Praxis in Echte\/Kalefeld. Wir sind eine haus\u00e4rztlich orientierte Praxis, geleitet von&nbsp;Dana Seidel&nbsp;und&nbsp;Dr. med. Jonas Brunotte, beide Fach\u00e4rzte f\u00fcr Innere Medizin, unterst\u00fctzt von einem engagierten Team aus&nbsp;Fachassistentinnen und Arzthelferinnen.Eine verantwortungsvolle und gr\u00fcndliche haus\u00e4rztliche Betreuung besitzt einen unsch\u00e4tzbaren Stellenwert zur Gesunderhaltung und Genesung. Ein guter Hausarzt ersetzt viele [&hellip;]<\/p>\n","protected":false},"author":1,"featured_media":0,"parent":0,"menu_order":0,"comment_status":"closed","ping_status":"closed","template":"page-with-sidebar","meta":{"footnotes":""},"class_list":["post-2","page","type-page","status-publish","hentry"],"_links":{"self":[{"href":"https:\/\/praxis-echte.de\/arzt\/wp-json\/wp\/v2\/pages\/2","targetHints":{"allow":["GET"]}}],"collection":[{"href":"https:\/\/praxis-echte.de\/arzt\/wp-json\/wp\/v2\/pages"}],"about":[{"href":"https:\/\/praxis-echte.de\/arzt\/wp-json\/wp\/v2\/types\/page"}],"author":[{"embeddable":true,"href":"https:\/\/praxis-echte.de\/arzt\/wp-json\/wp\/v2\/users\/1"}],"replies":[{"embeddable":true,"href":"https:\/\/praxis-echte.de\/arzt\/wp-json\/wp\/v2\/comments?post=2"}],"version-history":[{"count":12,"href":"https:\/\/praxis-echte.de\/arzt\/wp-json\/wp\/v2\/pages\/2\/revisions"}],"predecessor-version":[{"id":463,"href":"https:\/\/praxis-echte.de\/arzt\/wp-json\/wp\/v2\/pages\/2\/revisions\/463"}],"wp:attachment":[{"href":"https:\/\/praxis-echte.de\/arzt\/wp-json\/wp\/v2\/media?parent=2"}],"curies":[{"name":"wp","href":"https:\/\/api.w.org\/{rel}","templated":true}]}}