{"id":169,"date":"2025-12-19T17:25:32","date_gmt":"2025-12-19T16:25:32","guid":{"rendered":"https:\/\/praxis-echte.de\/arzt\/?page_id=169"},"modified":"2026-05-11T17:45:00","modified_gmt":"2026-05-11T15:45:00","slug":"terminvergabe","status":"publish","type":"page","link":"https:\/\/praxis-echte.de\/arzt\/terminvergabe\/","title":{"rendered":"Terminvergabe"},"content":{"rendered":"\n<p>Hier k\u00f6nnen Sie bequem Ihren Termin online mit uns vereinbaren.<\/p>\n\n\n\n<div style=\"margin-top:0;margin-bottom:0;height:53px\" aria-hidden=\"true\" class=\"wp-block-spacer\"><\/div>\n\n\n\n<p class=\"has-text-align-center has-text-color has-background has-link-color has-large-font-size wp-elements-6497ac2be45280db9c5e5cb4bb275fd6\" style=\"border-top-left-radius:30px;border-top-right-radius:30px;border-bottom-left-radius:30px;border-bottom-right-radius:30px;color:#d42727;background:linear-gradient(313deg,#A4A4A4 0%,#F9F9F9 100%);margin-top:0;margin-right:0;margin-bottom:0;margin-left:0;padding-top:var(--wp--preset--spacing--10);padding-right:0;padding-bottom:var(--wp--preset--spacing--10);padding-left:0;line-height:1.3\"><a href=\"https:\/\/emea01.safelinks.protection.outlook.com\/?url=https%3A%2F%2Fwww.termin-patmed.de%2Fp%2F518a464a-9557-4e03-90fc-164e634898cf&amp;data=05%7C02%7C%7Cf2e19755cd5c43c680cd08deab5af2b1%7C84df9e7fe9f640afb435aaaaaaaaaaaa%7C1%7C0%7C639136604255021556%7CUnknown%7CTWFpbGZsb3d8eyJFbXB0eU1hcGkiOnRydWUsIlYiOiIwLjAuMDAwMCIsIlAiOiJXaW4zMiIsIkFOIjoiTWFpbCIsIldUIjoyfQ%3D%3D%7C0%7C%7C%7C&amp;sdata=Vk65zIaO6F7GEAi4xyzAi%2BRSmZYaQBTPLiIr8v4re1E%3D&amp;reserved=0\"><strong><em>Jetzt Termin <br>vereinbaren<\/em><\/strong><\/a>*<br>7 &#8211; 23 Uhr<\/p>\n\n\n\n<p class=\"has-small-font-size\">*Dieser Service steht Ihnen w\u00e4hrend unserer <a href=\"https:\/\/praxis-echte.de\/arzt\/praxisurlaub\/\" data-type=\"page\" data-id=\"113\">Schlie\u00dfzeiten<\/a> nicht zur Verf\u00fcgung.<\/p>\n\n\n\n<p>Gerne k\u00f6nnen Sie auch eine Videosprechstunde vereinbaren. Bitte tragen Sie zu diesem Zweck bei der Terminbuchung bei &#8222;<strong>Grund f\u00fcr Ihren Besuch<\/strong>&#8220; zus\u00e4tzlich &#8222;<strong>Videosprechstunde<\/strong>&#8220; ein.<\/p>\n","protected":false},"excerpt":{"rendered":"<p>Hier k\u00f6nnen Sie bequem Ihren Termin online mit uns vereinbaren. Jetzt Termin vereinbaren*7 &#8211; 23 Uhr *Dieser Service steht Ihnen w\u00e4hrend unserer Schlie\u00dfzeiten nicht zur Verf\u00fcgung. Gerne k\u00f6nnen Sie auch eine Videosprechstunde vereinbaren. Bitte tragen Sie zu diesem Zweck bei der Terminbuchung bei &#8222;Grund f\u00fcr Ihren Besuch&#8220; zus\u00e4tzlich &#8222;Videosprechstunde&#8220; ein.<\/p>\n","protected":false},"author":1,"featured_media":0,"parent":0,"menu_order":0,"comment_status":"closed","ping_status":"closed","template":"page-with-sidebar","meta":{"footnotes":""},"class_list":["post-169","page","type-page","status-publish","hentry"],"_links":{"self":[{"href":"https:\/\/praxis-echte.de\/arzt\/wp-json\/wp\/v2\/pages\/169","targetHints":{"allow":["GET"]}}],"collection":[{"href":"https:\/\/praxis-echte.de\/arzt\/wp-json\/wp\/v2\/pages"}],"about":[{"href":"https:\/\/praxis-echte.de\/arzt\/wp-json\/wp\/v2\/types\/page"}],"author":[{"embeddable":true,"href":"https:\/\/praxis-echte.de\/arzt\/wp-json\/wp\/v2\/users\/1"}],"replies":[{"embeddable":true,"href":"https:\/\/praxis-echte.de\/arzt\/wp-json\/wp\/v2\/comments?post=169"}],"version-history":[{"count":67,"href":"https:\/\/praxis-echte.de\/arzt\/wp-json\/wp\/v2\/pages\/169\/revisions"}],"predecessor-version":[{"id":629,"href":"https:\/\/praxis-echte.de\/arzt\/wp-json\/wp\/v2\/pages\/169\/revisions\/629"}],"wp:attachment":[{"href":"https:\/\/praxis-echte.de\/arzt\/wp-json\/wp\/v2\/media?parent=169"}],"curies":[{"name":"wp","href":"https:\/\/api.w.org\/{rel}","templated":true}]}}