{"id":167,"date":"2025-12-19T17:24:58","date_gmt":"2025-12-19T16:24:58","guid":{"rendered":"https:\/\/praxis-echte.de\/arzt\/?page_id=167"},"modified":"2025-12-21T15:29:06","modified_gmt":"2025-12-21T14:29:06","slug":"online-rezepte","status":"publish","type":"page","link":"https:\/\/praxis-echte.de\/arzt\/online-rezepte\/","title":{"rendered":"Online-Rezepte"},"content":{"rendered":"\n<p>Als Patient der haus\u00e4rztlichen Echte bieten wir Ihnen den Service, online ein Rezept oder eine Facharzt\u00fcberweisung zu bestellen.<br><strong>Ihr Vorteil:<\/strong>\u00a0Wenn Sie zu uns kommen, um Ihr Dokument abzuholen, haben wir schon alles f\u00fcr Sie vorbereitet! So entstehen Ihnen keinerlei Wartezeiten.<\/p>\n\n\n\n<p><strong>Rezepte und \u00dcberweisungen sind fr\u00fchestens nach 24 Stunden (Schlie\u00dfzeiten, Feiertage und Wochenenden ausgenommen) mit Ihrer Versicherungskarte abholbereit!<\/strong><strong><\/strong><\/p>\n\n\n\n<p><strong><\/strong>Bitte beachten Sie jedoch, dass die Onlinebestellung eines Rezepts oder einer \u00dcberweisung eine pers\u00f6nliche Beratung nicht ersetzen kann. Au\u00dferdem k\u00f6nnen wir Ihnen diesen Service nur dann anbieten,&nbsp;<strong>wenn uns im laufenden Quartal Ihre Versicherungskarte bereits vorliegt sowie eine pers\u00f6nliche \u00e4rztliche Vorstellung im letzten halben Jahr erfolgt ist.&nbsp;<\/strong>Die Onlinebestellung von Rezepten ist&nbsp;<strong>nur f\u00fcr regelm\u00e4ssig genutzte Medikamente<\/strong>&nbsp;m\u00f6glich. Wir behalten uns die Ausstellung des Rezeptes im Einzelfall vor.<\/p>\n\n\n\n<style id=\"wpforms-css-vars-193\">\n\t\t\t\t#wpforms-193 {\n\t\t\t\t--wpforms-container-padding: 0px;\n--wpforms-container-border-width: 1px;\n--wpforms-container-border-radius: 3px;\n--wpforms-background-color: rgba(0, 0, 0, 0);\n--wpforms-field-size-input-height: 43px;\n--wpforms-field-size-input-spacing: 15px;\n--wpforms-field-size-font-size: 16px;\n--wpforms-field-size-line-height: 19px;\n--wpforms-field-size-padding-h: 14px;\n--wpforms-field-size-checkbox-size: 16px;\n--wpforms-field-size-sublabel-spacing: 5px;\n--wpforms-field-size-icon-size: 1;\n--wpforms-label-size-font-size: 16px;\n--wpforms-label-size-line-height: 19px;\n--wpforms-label-size-sublabel-font-size: 14px;\n--wpforms-label-size-sublabel-line-height: 17px;\n--wpforms-button-size-font-size: 17px;\n--wpforms-button-size-height: 41px;\n--wpforms-button-size-padding-h: 15px;\n--wpforms-button-size-margin-top: 10px;\n--wpforms-container-shadow-size-box-shadow: none;\n\t\t\t}\n\t\t\t<\/style><div class=\"wpforms-container wpforms-container-full wpforms-render-modern\" id=\"wpforms-193\"><form id=\"wpforms-form-193\" class=\"wpforms-validate wpforms-form wpforms-ajax-form\" data-formid=\"193\" method=\"post\" enctype=\"multipart\/form-data\" action=\"\/arzt\/wp-json\/wp\/v2\/pages\/167\" data-token=\"e7fabcb659f23c8baee70979304a2831\" data-token-time=\"1775855380\"><noscript class=\"wpforms-error-noscript\">Bitte aktiviere JavaScript in deinem Browser, um dieses Formular fertigzustellen.<\/noscript><div id=\"wpforms-error-noscript\" style=\"display: none;\">Bitte aktiviere JavaScript in deinem Browser, um dieses Formular fertigzustellen.<\/div><div class=\"wpforms-field-container\"><div id=\"wpforms-193-field_1-container\" class=\"wpforms-field wpforms-field-name\" data-field-id=\"1\"><fieldset><legend class=\"wpforms-field-label\">Name <span class=\"wpforms-required-label\" aria-hidden=\"true\">*<\/span><\/legend><div class=\"wpforms-field-row wpforms-field-medium\"><div class=\"wpforms-field-row-block wpforms-first wpforms-one-half\"><input type=\"text\" id=\"wpforms-193-field_1\" class=\"wpforms-field-name-first wpforms-field-required\" name=\"wpforms[fields][1][first]\" aria-errormessage=\"wpforms-193-field_1-error\" required><label for=\"wpforms-193-field_1\" class=\"wpforms-field-sublabel after\">Vorname<\/label><\/div><div class=\"wpforms-field-row-block wpforms-one-half\"><input type=\"text\" id=\"wpforms-193-field_1-last\" class=\"wpforms-field-name-last wpforms-field-required\" name=\"wpforms[fields][1][last]\" aria-errormessage=\"wpforms-193-field_1-last-error\" required><label for=\"wpforms-193-field_1-last\" class=\"wpforms-field-sublabel after\">Nachname<\/label><\/div><\/div><\/fieldset><\/div><div id=\"wpforms-193-field_2-container\" class=\"wpforms-field wpforms-field-email\" data-field-id=\"2\"><label class=\"wpforms-field-label\" for=\"wpforms-193-field_2\">E-Mail-Adresse <span class=\"wpforms-required-label\" aria-hidden=\"true\">*<\/span><\/label><input type=\"email\" id=\"wpforms-193-field_2\" class=\"wpforms-field-medium wpforms-field-required\" name=\"wpforms[fields][2]\" spellcheck=\"false\" aria-errormessage=\"wpforms-193-field_2-error\" required><\/div><div id=\"wpforms-193-field_15-container\" class=\"wpforms-field wpforms-field-checkbox\" data-field-id=\"15\"><fieldset><legend class=\"wpforms-field-label\">Was ben\u00f6tigen Sie? <span class=\"wpforms-required-label\" aria-hidden=\"true\">*<\/span><\/legend><ul id=\"wpforms-193-field_15\" class=\"wpforms-field-required\"><li class=\"choice-1 depth-1\"><input type=\"checkbox\" id=\"wpforms-193-field_15_1\" name=\"wpforms[fields][15][]\" value=\"Rezept\" aria-errormessage=\"wpforms-193-field_15_1-error\" required ><label class=\"wpforms-field-label-inline\" for=\"wpforms-193-field_15_1\">Rezept<\/label><\/li><li class=\"choice-2 depth-1\"><input type=\"checkbox\" id=\"wpforms-193-field_15_2\" name=\"wpforms[fields][15][]\" value=\"\u00dcberweisung\" aria-errormessage=\"wpforms-193-field_15_2-error\" required ><label class=\"wpforms-field-label-inline\" for=\"wpforms-193-field_15_2\">\u00dcberweisung<\/label><\/li><\/ul><\/fieldset><\/div>\t\t<div id=\"wpforms-193-field_4-container\"\n\t\t\tclass=\"wpforms-field wpforms-field-text\"\n\t\t\tdata-field-type=\"text\"\n\t\t\tdata-field-id=\"4\"\n\t\t\t>\n\t\t\t<label class=\"wpforms-field-label\" for=\"wpforms-193-field_4\" >Nachricht Sie? oder<\/label>\n\t\t\t<input type=\"text\" id=\"wpforms-193-field_4\" class=\"wpforms-field-medium\" name=\"wpforms[fields][4]\" >\n\t\t<\/div>\n\t\t<div id=\"wpforms-193-field_3-container\" class=\"wpforms-field wpforms-field-textarea\" data-field-id=\"3\"><label class=\"wpforms-field-label\" for=\"wpforms-193-field_3\">Kommentar oder Nachricht <span class=\"wpforms-required-label\" aria-hidden=\"true\">*<\/span><\/label><textarea id=\"wpforms-193-field_3\" class=\"wpforms-field-medium wpforms-field-required\" name=\"wpforms[fields][3]\" aria-errormessage=\"wpforms-193-field_3-error\" required><\/textarea><\/div><div id=\"wpforms-193-field_13-container\" class=\"wpforms-field wpforms-field-checkbox\" data-field-id=\"13\"><fieldset><legend class=\"wpforms-field-label\"> <span class=\"wpforms-required-label\" aria-hidden=\"true\">*<\/span><\/legend><ul id=\"wpforms-193-field_13\" class=\"wpforms-field-required\"><li class=\"choice-1 depth-1\"><input type=\"checkbox\" id=\"wpforms-193-field_13_1\" name=\"wpforms[fields][13][]\" value=\"Ich verstehe die Hinweise zur Nutzung dieser Online - Bestellung, akzeptiere die Bestimmungen und m\u00f6chte die Bestellung abschliessen.\" aria-errormessage=\"wpforms-193-field_13_1-error\" required ><label class=\"wpforms-field-label-inline\" for=\"wpforms-193-field_13_1\">Ich verstehe die Hinweise zur Nutzung dieser Online - Bestellung, akzeptiere die Bestimmungen und m\u00f6chte die Bestellung abschliessen.<\/label><\/li><\/ul><\/fieldset><\/div><div id=\"wpforms-193-field_14-container\" class=\"wpforms-field wpforms-field-checkbox\" data-field-id=\"14\"><fieldset><legend class=\"wpforms-field-label\"> <span class=\"wpforms-required-label\" aria-hidden=\"true\">*<\/span><\/legend><ul id=\"wpforms-193-field_14\" class=\"wpforms-field-required\"><li class=\"choice-1 depth-1\"><input type=\"checkbox\" id=\"wpforms-193-field_14_1\" name=\"wpforms[fields][14][]\" value=\"Hinweise zur Nutzung dieser Online-Bestellung: Mit Absenden des Formulars erteilen Sie uns die Erlaubnis, Ihre personenbezogenen Daten elektronisch zu speichern. Die haus\u00e4rztliche Praxis Echte versichert, diese Daten absolut vertraulich zu behandeln, ausschliesslich f\u00fcr interne Zwecke zu verwenden und nicht an Dritte weiter zu geben.\" aria-errormessage=\"wpforms-193-field_14_1-error\" required ><label class=\"wpforms-field-label-inline\" for=\"wpforms-193-field_14_1\">Hinweise zur Nutzung dieser Online-Bestellung: Mit Absenden des Formulars erteilen Sie uns die Erlaubnis, Ihre personenbezogenen Daten elektronisch zu speichern. Die haus\u00e4rztliche Praxis Echte versichert, diese Daten absolut vertraulich zu behandeln, ausschliesslich f\u00fcr interne Zwecke zu verwenden und nicht an Dritte weiter zu geben.<\/label><\/li><\/ul><\/fieldset><\/div><script>\n\t\t\t\t( function() {\n\t\t\t\t\tconst style = document.createElement( 'style' );\n\t\t\t\t\tstyle.appendChild( document.createTextNode( '#wpforms-193-field_4-container { position: absolute !important; overflow: hidden !important; display: inline !important; height: 1px !important; width: 1px !important; z-index: -1000 !important; padding: 0 !important; } #wpforms-193-field_4-container input { visibility: hidden; } #wpforms-conversational-form-page #wpforms-193-field_4-container label { counter-increment: none; }' ) );\n\t\t\t\t\tdocument.head.appendChild( style );\n\t\t\t\t\tdocument.currentScript?.remove();\n\t\t\t\t} )();\n\t\t\t<\/script><\/div><!-- .wpforms-field-container --><div class=\"wpforms-submit-container\" ><input type=\"hidden\" name=\"wpforms[id]\" value=\"193\"><input type=\"hidden\" name=\"page_title\" value=\"\"><input type=\"hidden\" name=\"page_url\" value=\"https:\/\/praxis-echte.de\/arzt\/wp-json\/wp\/v2\/pages\/167\"><input type=\"hidden\" name=\"url_referer\" value=\"\"><button type=\"submit\" name=\"wpforms[submit]\" id=\"wpforms-submit-193\" class=\"wpforms-submit\" data-alt-text=\"Wird gesendet\u00a0\u2026\" data-submit-text=\"Absenden\" aria-live=\"assertive\" value=\"wpforms-submit\">Absenden<\/button><img loading=\"lazy\" decoding=\"async\" src=\"https:\/\/praxis-echte.de\/arzt\/wp-content\/plugins\/wpforms-lite\/assets\/images\/submit-spin.svg\" class=\"wpforms-submit-spinner\" style=\"display: none;\" width=\"26\" height=\"26\" alt=\"Wird geladen\"><\/div><\/form><\/div>  <!-- .wpforms-container -->\n","protected":false},"excerpt":{"rendered":"<p>Als Patient der haus\u00e4rztlichen Echte bieten wir Ihnen den Service, online ein Rezept oder eine Facharzt\u00fcberweisung zu bestellen.Ihr Vorteil:\u00a0Wenn Sie zu uns kommen, um Ihr Dokument abzuholen, haben wir schon alles f\u00fcr Sie vorbereitet! So entstehen Ihnen keinerlei Wartezeiten. Rezepte und \u00dcberweisungen sind fr\u00fchestens nach 24 Stunden (Schlie\u00dfzeiten, Feiertage und Wochenenden ausgenommen) mit Ihrer Versicherungskarte [&hellip;]<\/p>\n","protected":false},"author":1,"featured_media":0,"parent":0,"menu_order":0,"comment_status":"closed","ping_status":"closed","template":"page-with-sidebar","meta":{"footnotes":""},"class_list":["post-167","page","type-page","status-publish","hentry"],"_links":{"self":[{"href":"https:\/\/praxis-echte.de\/arzt\/wp-json\/wp\/v2\/pages\/167","targetHints":{"allow":["GET"]}}],"collection":[{"href":"https:\/\/praxis-echte.de\/arzt\/wp-json\/wp\/v2\/pages"}],"about":[{"href":"https:\/\/praxis-echte.de\/arzt\/wp-json\/wp\/v2\/types\/page"}],"author":[{"embeddable":true,"href":"https:\/\/praxis-echte.de\/arzt\/wp-json\/wp\/v2\/users\/1"}],"replies":[{"embeddable":true,"href":"https:\/\/praxis-echte.de\/arzt\/wp-json\/wp\/v2\/comments?post=167"}],"version-history":[{"count":5,"href":"https:\/\/praxis-echte.de\/arzt\/wp-json\/wp\/v2\/pages\/167\/revisions"}],"predecessor-version":[{"id":342,"href":"https:\/\/praxis-echte.de\/arzt\/wp-json\/wp\/v2\/pages\/167\/revisions\/342"}],"wp:attachment":[{"href":"https:\/\/praxis-echte.de\/arzt\/wp-json\/wp\/v2\/media?parent=167"}],"curies":[{"name":"wp","href":"https:\/\/api.w.org\/{rel}","templated":true}]}}