{"id":162,"date":"2025-12-19T17:20:56","date_gmt":"2025-12-19T16:20:56","guid":{"rendered":"https:\/\/praxis-echte.de\/arzt\/?page_id=162"},"modified":"2025-12-19T17:24:02","modified_gmt":"2025-12-19T16:24:02","slug":"notdienst","status":"publish","type":"page","link":"https:\/\/praxis-echte.de\/arzt\/notdienst\/","title":{"rendered":"Notdienst"},"content":{"rendered":"\n<div data-wp-context=\"{ &quot;autoclose&quot;: false, &quot;accordionItems&quot;: [] }\" data-wp-interactive=\"core\/accordion\" role=\"group\" class=\"wp-block-accordion is-layout-flow wp-block-accordion-is-layout-flow\">\n<div data-wp-class--is-open=\"state.isOpen\" data-wp-context=\"{ &quot;id&quot;: &quot;accordion-item-1&quot;, &quot;openByDefault&quot;: false }\" data-wp-init=\"callbacks.initAccordionItems\" data-wp-on-window--hashchange=\"callbacks.hashChange\" class=\"wp-block-accordion-item is-layout-flow wp-block-accordion-item-is-layout-flow\">\n<h3 class=\"wp-block-accordion-heading\"><button aria-expanded=\"false\" aria-controls=\"accordion-item-1-panel\" data-wp-bind--aria-expanded=\"state.isOpen\" data-wp-on--click=\"actions.toggle\" data-wp-on--keydown=\"actions.handleKeyDown\" id=\"accordion-item-1\" class=\"wp-block-accordion-heading__toggle\"><span class=\"wp-block-accordion-heading__toggle-title\">Apothekennotdienst<\/span><span class=\"wp-block-accordion-heading__toggle-icon\" aria-hidden=\"true\">+<\/span><\/button><\/h3>\n\n\n\n<div inert aria-labelledby=\"accordion-item-1\" data-wp-bind--inert=\"!state.isOpen\" id=\"accordion-item-1-panel\" role=\"region\" class=\"wp-block-accordion-panel is-layout-flow wp-block-accordion-panel-is-layout-flow\">\n<p>Eine Apotheke oder den Apothekennotdienst\u00a0in der N\u00e4he finden:<br><a href=\"http:\/\/www.aponet.de\/\">aponet<\/a>\u00a0\u2013 Das offizielle Gesundheitsportal der deutschen Apotheker\/innen<\/p>\n<\/div>\n<\/div>\n\n\n\n<div data-wp-class--is-open=\"state.isOpen\" data-wp-context=\"{ &quot;id&quot;: &quot;accordion-item-2&quot;, &quot;openByDefault&quot;: false }\" data-wp-init=\"callbacks.initAccordionItems\" data-wp-on-window--hashchange=\"callbacks.hashChange\" class=\"wp-block-accordion-item is-layout-flow wp-block-accordion-item-is-layout-flow\">\n<h3 class=\"wp-block-accordion-heading\"><button aria-expanded=\"false\" aria-controls=\"accordion-item-2-panel\" data-wp-bind--aria-expanded=\"state.isOpen\" data-wp-on--click=\"actions.toggle\" data-wp-on--keydown=\"actions.handleKeyDown\" id=\"accordion-item-2\" class=\"wp-block-accordion-heading__toggle\"><span class=\"wp-block-accordion-heading__toggle-title\">Notdienst<\/span><span class=\"wp-block-accordion-heading__toggle-icon\" aria-hidden=\"true\">+<\/span><\/button><\/h3>\n\n\n\n<div inert aria-labelledby=\"accordion-item-2\" data-wp-bind--inert=\"!state.isOpen\" id=\"accordion-item-2-panel\" role=\"region\" class=\"wp-block-accordion-panel is-layout-flow wp-block-accordion-panel-is-layout-flow\">\n<p>\u00c4rztlicher Bereitschaftsdienst (bundesweit):&nbsp;<strong>116 117<\/strong><\/p>\n\n\n\n<p><strong>Northeim und Umgebung<\/strong><\/p>\n\n\n\n<p>\u00c4rztliche Notdienst Ambulanz e. V.<br>im HELIOS Albert-Schweitzer-Krankenaus Northeim<br>Albert-Schweitzer-Weg 1<br>37154 Northeim<br>Telefon: 0 55 51 \/ 90 99 911<br>und 116 117 (ohne Vorwahl)<\/p>\n\n\n\n<p>Montag, Dienstag, Donnerstag: 19.00 Uhr \u2013 21.00 Uhr<br>Mittwoch, Freitag: 16.00 Uhr \u2013 21.00 Uhr<br>Samstag, Sonntag: 8.00 \u2013 13.00 Uhr und 16.00 Uhr \u2013 21.00 Uhr<\/p>\n\n\n\n<p>Krankenh\u00e4user im Umfeld ( nur in dringenden Notf\u00e4llen):<\/p>\n\n\n\n<p>Helios Klinik Northeim<br>Zentrale Notaufnahme<br>Albert Schweitzer Weg 1<br>37154 Northeim<\/p>\n\n\n\n<p>Asklepios Kliniken Schildautal Seesen<br>Zentrale Notaufnahme<br>Karl Herold Stra\u00dfe 1<br>38723 Seesen<\/p>\n\n\n\n<p>Zahn\u00e4rztlicher Notdienst:<\/p>\n\n\n\n<p>Infos bzgl. Notfallbereitschaft auf der Website (Patienteninfo) der Kassenzahn\u00e4rztlichen Vereinigung Niedersachen<\/p>\n\n\n\n<p><strong><a href=\"http:\/\/www.med.uni-goettingen.de\/de\/content\/medversorgung\/165.html\">G\u00f6ttingen<\/a>&nbsp;und Umgebung<\/strong><\/p>\n\n\n\n<p>Universit\u00e4tsklinikum G\u00f6ttingen<br>Robert-Koch-Stra\u00dfe 40, Ebene 01<br>37075 G\u00f6ttingen<\/p>\n\n\n\n<p>Die&nbsp;Bereitschaftsdienstpraxis&nbsp;(Robert-Koch-Stra\u00dfe 40, Ebene 01) kann von Patientinnen und Patienten f\u00fcr Notf\u00e4lle aufgesucht werden:<\/p>\n\n\n\n<figure class=\"wp-block-table\"><table class=\"has-fixed-layout\"><thead><tr><td>Mo, Di, Do:<\/td><td>19.00 \u2013 22.00 Uhr<\/td><\/tr><\/thead><tbody><tr><td>Mi, Fr:<\/td><td>15.00 \u2013 23.00 Uhr<\/td><\/tr><tr><td>Sa, So, Feiertags:<\/td><td>&nbsp; 8.30 \u2013 23.00 Uhr<\/td><\/tr><\/tbody><\/table><\/figure>\n\n\n\n<p>Fahrdienst, bei dem der Arzt\/die \u00c4rztin die Patienten\/innen bei medizinischer Notwendigkeit zu Hause aufsucht (Tel. 116 117):<\/p>\n\n\n\n<figure class=\"wp-block-table\"><table class=\"has-fixed-layout\"><tbody><tr><td>Mo, Di, Do:<\/td><td>19.00 \u2013 7.00 Uhr (des Folgetages)<\/td><\/tr><tr><td>Mi, Fr:<\/td><td>15.00 \u2013 7.00 Uhr (des Folgetages)<\/td><\/tr><tr><td>Sa, So, Feiertags:<\/td><td>&nbsp; 8.00 \u2013 7.00 Uhr (des Folgetages)<\/td><\/tr><\/tbody><\/table><\/figure>\n\n\n\n<p>Kinder- und Jugend\u00e4rztlicher Bereitschaftsdienst&nbsp;(Robert-Koch-Stra\u00dfe 40, Ebene 01, Anmeldung im Raum 561):<br>Telefon: 0551\/70709245<\/p>\n\n\n\n<figure class=\"wp-block-table\"><table class=\"has-fixed-layout\"><thead><tr><td>Mi<\/td><td>18.00 \u2013 22.00 Uhr<\/td><\/tr><\/thead><tbody><tr><td>Fr<\/td><td>16.00 \u2013 22.00 Uhr<\/td><\/tr><tr><td>Sa, So, Feiertags:<\/td><td>10.00 \u2013 20.00 Uhr<\/td><\/tr><tr><td>Heiligabend, Silvester<\/td><td>10.00 \u2013 20.00 Uhr<\/td><\/tr><\/tbody><\/table><\/figure>\n\n\n\n<p><a href=\"http:\/\/www.ekweende.de\/zna\">Zentrale Notaufnahme<\/a>&nbsp;im Ev. Krankenhaus G\u00f6ttingen-Weende<br>Telefon: 0551 \/ 5034-1255 oder -1355 (24 h)<br>An der Lutter 24<br>37075 G\u00f6ttingen<\/p>\n\n\n\n<p><a href=\"http:\/\/www.arzt-ruf.de\/local\/Goettingen.htm\">P\u00c4N-Privat\u00e4rztlicher Notdienst G\u00f6ttingen<\/a>&nbsp;Hausbesuch Tag und Nacht<br>Telefon: 0551 \/ 19257 oder 0180 \/ 5019 257<\/p>\n\n\n\n<p><a href=\"https:\/\/goettingen.de\/staticsite\/staticsite.php?menuid=394&amp;topmenu=308\">Zahn\u00e4rztlicher Notdienst<\/a>&nbsp;\u2013&nbsp;Telefon: 0551 \/ 83302<\/p>\n\n\n\n<p><a href=\"http:\/\/www.med.uni-goettingen.de\/\">Klinikum G\u00f6ttingen&nbsp;<\/a>(Stationen):<\/p>\n\n\n\n<p>Zentrale Notaufnahme:&nbsp;0551 \/ 39-8605<\/p>\n\n\n\n<p>Liegendkrankeneingang:&nbsp;0551 \/ 39-8604<\/p>\n\n\n\n<p>Chirurgische Notfallambulanz:&nbsp;0551 \/ 39-66105<\/p>\n\n\n\n<p>Kinderklinik:&nbsp;0551 \/ 39-66210&nbsp;bzw.&nbsp;-66239<\/p>\n\n\n\n<p>Frauenklinik:&nbsp;0551 \/ 39-66566&nbsp;bzw.&nbsp;-66567<\/p>\n\n\n\n<p>Psychiatrische Klinik:&nbsp;0551 \/ 39-66610<\/p>\n\n\n\n<p>Hautklinik:&nbsp;0551 \/ 39-66410<\/p>\n\n\n\n<p>Giftnotruf: Giftinformationszentrale Nord (GIZ Nord):&nbsp;(0551-) 19240 (Notruf rund um die Uhr)<\/p>\n\n\n\n<p><a href=\"http:\/\/nz-goe.de\/\">Fach\u00e4rztlicher Nephrologischer Bereitschaftsdienst S\u00fcdniedersachsen (NBSN)<\/a><br>Telefon: 0551 \/ 3098 5368<\/p>\n\n\n\n<p><a href=\"http:\/\/www.mpsn.de\/index.php?mp=goe&amp;m_id=41&amp;d_id=2124\">Aktueller Apotheken-Notdienst in G\u00f6ttingen<\/a>&nbsp;(www.mpsn.de)<\/p>\n\n\n\n<p><a href=\"http:\/\/www.kjt-goettingen.de\/\">Kinder- und Jugendtelefon<\/a>&nbsp;\u2013&nbsp;Telefon: 0800 \/ 111 0 333<\/p>\n\n\n\n<p><a href=\"http:\/\/www.telefonseelsorge-goettingen.de\/\">Telefonseelsorge<\/a>&nbsp;\u2013&nbsp;Telefon: 0800 \/ 111 0 111<\/p>\n\n\n\n<p><strong>Allgemeine Notrufnummern:<\/strong><\/p>\n\n\n\n<p>Feuerwehr, Rettungsdienst, Notarzt: 112<br>Polizei: 110<\/p>\n<\/div>\n<\/div>\n<\/div>\n","protected":false},"excerpt":{"rendered":"","protected":false},"author":1,"featured_media":0,"parent":0,"menu_order":0,"comment_status":"closed","ping_status":"closed","template":"page-with-sidebar","meta":{"footnotes":""},"class_list":["post-162","page","type-page","status-publish","hentry"],"_links":{"self":[{"href":"https:\/\/praxis-echte.de\/arzt\/wp-json\/wp\/v2\/pages\/162","targetHints":{"allow":["GET"]}}],"collection":[{"href":"https:\/\/praxis-echte.de\/arzt\/wp-json\/wp\/v2\/pages"}],"about":[{"href":"https:\/\/praxis-echte.de\/arzt\/wp-json\/wp\/v2\/types\/page"}],"author":[{"embeddable":true,"href":"https:\/\/praxis-echte.de\/arzt\/wp-json\/wp\/v2\/users\/1"}],"replies":[{"embeddable":true,"href":"https:\/\/praxis-echte.de\/arzt\/wp-json\/wp\/v2\/comments?post=162"}],"version-history":[{"count":4,"href":"https:\/\/praxis-echte.de\/arzt\/wp-json\/wp\/v2\/pages\/162\/revisions"}],"predecessor-version":[{"id":166,"href":"https:\/\/praxis-echte.de\/arzt\/wp-json\/wp\/v2\/pages\/162\/revisions\/166"}],"wp:attachment":[{"href":"https:\/\/praxis-echte.de\/arzt\/wp-json\/wp\/v2\/media?parent=162"}],"curies":[{"name":"wp","href":"https:\/\/api.w.org\/{rel}","templated":true}]}}