{"id":153,"date":"2025-12-19T17:08:06","date_gmt":"2025-12-19T16:08:06","guid":{"rendered":"https:\/\/praxis-echte.de\/arzt\/?page_id=153"},"modified":"2026-01-06T18:04:00","modified_gmt":"2026-01-06T17:04:00","slug":"vorsorgeleistungen","status":"publish","type":"page","link":"https:\/\/praxis-echte.de\/arzt\/vorsorgeleistungen\/","title":{"rendered":"Vorsorgeleistungen"},"content":{"rendered":"\n<p><strong>Fr\u00fcherkennung und Vorsorge<br><\/strong><br>Manche Erkrankungen lassen sich oft schon erkennen, bevor sie ernste Probleme bereiten. Daher wurden verschiedene Fr\u00fcherkennungsuntersuchungen eingef\u00fchrt, um eine rechtzeitige Diagnose und Behandlung zu f\u00f6rdern.<\/p>\n\n\n\n<p>Nutzen Sie Ihre Chance auf Fr\u00fcherkennung und Vorsorge.<\/p>\n\n\n\n<p><strong>Check-Up ab 35<br><\/strong><br>Es erfolgt ein ausf\u00fchrliches Gespr\u00e4ch, eine Ganzk\u00f6rperuntersuchung mit Blutdruckmessung sowie Blut- und Urinuntersuchung. Auff\u00e4llige Befunde werden besprochen und das weitere Vorgehen mit Ihnen geplant.<\/p>\n\n\n\n<p><strong>Krebsfr\u00fcherkennung\/M\u00e4nner<br><\/strong><br>M\u00e4nner ab 45 k\u00f6nnen sich bei uns j\u00e4hrlich auf Krebserkrankungen untersuchen lassen. Dabei werden der Hoden und die Leisten auf krankhafte Ver\u00e4nderungen untersucht sowie die Prostata abgetastet. Zus\u00e4tzlich ist die Abnahme des PSA (IGEL-Leistung) m\u00f6glich. Hierzu beraten wir Sie gern.<\/p>\n\n\n\n<p><strong>Darmkrebsvorsorge<\/strong><\/p>\n\n\n\n<p>Au\u00dferdem wird bei M\u00e4nnern und Frauen ab 50 j\u00e4hrlich, ab 55 alle zwei Jahre der Stuhlgang auf versteckte Blutabg\u00e4nge untersucht.<br>Hierzu wird ein immunologischer Stuhltest durchgef\u00fchrt, der die alten Testbriefchen abgel\u00f6st hat. Ab dem 55. Lebensjahr wird die Durchf\u00fchrung einer Koloskopie empfohlen. Bei Risikopatienten kann diese Untersuchung auch fr\u00fcher durchgef\u00fchrt werden. Bei Fragen hierzu, sprechen Sie uns bitte an.<\/p>\n\n\n\n<p><strong>Hautkrebs-Screening<\/strong><\/p>\n\n\n\n<p>Hierbei wird die komplette Haut auf verd\u00e4chtige Hautver\u00e4nderungen wie wei\u00dfen (Basaliom, Plattenepithelkarzinom) oder schwarzen Hautkrebs (Melanom) untersucht.<\/p>\n\n\n\n<p><strong>Kinder und Jugendliche<\/strong><\/p>\n\n\n\n<p>Jugend-Gesundheits-Untersuchung&nbsp;<em><strong>J1&nbsp;<\/strong><\/em>f\u00fcr Jugendliche von&nbsp;<em><strong>12-14<\/strong><\/em>&nbsp;Jahren.<br>Diese beinhaltet<br>\u2013 Gespr\u00e4ch<br>\u2013 k\u00f6rperliche Untersuchung<br>\u2013 normalerweise keine Blutuntersuchung<br>\u2013 Urinuntersuchung<br>\u2013 Impfpasskontrolle und ggf. Nachholen\/Auffrischen von Impfungen<\/p>\n\n\n\n<p>Zur&nbsp;<em><strong>J1<\/strong><\/em>&nbsp;kannst Du allein, mit einem Elternteil oder einem Freund\/einer Freundin kommen. Die Kosten f\u00fcr die Untersuchung werden&nbsp; von den gesetzlichen Krankenkassen voll \u00fcbernommen.<br>U-Untersuchungen f\u00fcr Kinder und die J2 bieten wir aktuell nicht an, bitte wenden Sie sich hierf\u00fcr an die Kinderarztpraxis in Ihrer N\u00e4he.<\/p>\n\n\n\n<p><strong>Impfung<\/strong><\/p>\n\n\n\n<p>Wir f\u00fchren alle empfohlenen Impfma\u00dfnahmen f\u00fcr Kinder und Erwachsene durch. Beachten Sie bitte, dass Reiseimpfungen in der Regel selbst bezahlt werden m\u00fcssen, nicht selten k\u00f6nnen die Kosten als Satzungsleistung von der Kasse erstattet werden.<\/p>\n\n\n\n<p>\u00dcberraschenderweise bestehen gegen\u00fcber Impfungen oft unbegr\u00fcndete Vorurteile, obwohl diese zu den wirksamsten medizinischen Ma\u00dfnahmen \u00fcberhaupt geh\u00f6ren. Die h\u00e4ufigsten Einw\u00e4nde gegen das Impfen sind beim Robert-Koch-Institut aufgelistet. Die Antworten sollen helfen, die Behauptungen einzuordnen und sich vom Nutzen des Impfens ein Bild zu machen.<\/p>\n\n\n\n<p><strong>Chronikerbehandlung \/ DMP Asthma, COPD, Diabetes, KHK<br><\/strong><br>Ein Disease-Management-Programm (kurz DMP) ist ein organisiertes Behandlungsprogramm f\u00fcr chronisch kranke Menschen. Es beruht auf den aktuellsten Erkenntnissen der Medizin. Durch Koordination regelm\u00e4\u00dfiger haus- und fach\u00e4rztlicher Kontrollen soll die Behandlung des Patienten unter Ber\u00fccksichtigung der pers\u00f6nlichen Anspr\u00fcche optimiert werden. F\u00fcr gesetzlich Krankenversicherte sind DMPs frei von zus\u00e4tzlichen Kosten.<\/p>\n\n\n\n<p><strong>KHK -Koronare Herzkrankheit<\/strong><\/p>\n\n\n\n<p>Hier werden Patienten mit bestehender Durchblutungsst\u00f6rung des Herzens, z.B. nach Herzinfarkt, regelm\u00e4\u00dfig auf ein Voranschreiten der Erkrankung untersucht, um rechtzeitig eine Therapie einleiten zu k\u00f6nnen.<\/p>\n\n\n\n<p><strong>Diabetes \u2013 Zuckerkrankheit<\/strong><\/p>\n\n\n\n<p>Die regelm\u00e4\u00dfige Kontrolle der Blutwerte und Kontrolle auf durch die Erkrankung ausgel\u00f6ste Folgesch\u00e4den soll schwere Komplikationen wie Amputationen, Blutw\u00e4sche (Dialyse), Herzinfarkt und Schlaganfall vermeiden.<\/p>\n\n\n\n<p><strong>Asthma &amp; COPD<\/strong><\/p>\n\n\n\n<p>Es wird regelm\u00e4\u00dfig die Lungenfunktion \u00fcberpr\u00fcft, um eine Verschlechterung der Erkrankung fr\u00fchzeitig zu erkennen. Ein Schwerpunkt liegt dar\u00fcber hinaus in einer Anpassung und Optimierung der Behandlungsm\u00f6glichkeiten an Ihre individuellen Bed\u00fcrfnisse.<\/p>\n","protected":false},"excerpt":{"rendered":"<p>Fr\u00fcherkennung und VorsorgeManche Erkrankungen lassen sich oft schon erkennen, bevor sie ernste Probleme bereiten. Daher wurden verschiedene Fr\u00fcherkennungsuntersuchungen eingef\u00fchrt, um eine rechtzeitige Diagnose und Behandlung zu f\u00f6rdern. Nutzen Sie Ihre Chance auf Fr\u00fcherkennung und Vorsorge. Check-Up ab 35Es erfolgt ein ausf\u00fchrliches Gespr\u00e4ch, eine Ganzk\u00f6rperuntersuchung mit Blutdruckmessung sowie Blut- und Urinuntersuchung. Auff\u00e4llige Befunde werden besprochen und [&hellip;]<\/p>\n","protected":false},"author":1,"featured_media":0,"parent":0,"menu_order":0,"comment_status":"closed","ping_status":"closed","template":"page-with-sidebar","meta":{"footnotes":""},"class_list":["post-153","page","type-page","status-publish","hentry"],"_links":{"self":[{"href":"https:\/\/praxis-echte.de\/arzt\/wp-json\/wp\/v2\/pages\/153","targetHints":{"allow":["GET"]}}],"collection":[{"href":"https:\/\/praxis-echte.de\/arzt\/wp-json\/wp\/v2\/pages"}],"about":[{"href":"https:\/\/praxis-echte.de\/arzt\/wp-json\/wp\/v2\/types\/page"}],"author":[{"embeddable":true,"href":"https:\/\/praxis-echte.de\/arzt\/wp-json\/wp\/v2\/users\/1"}],"replies":[{"embeddable":true,"href":"https:\/\/praxis-echte.de\/arzt\/wp-json\/wp\/v2\/comments?post=153"}],"version-history":[{"count":1,"href":"https:\/\/praxis-echte.de\/arzt\/wp-json\/wp\/v2\/pages\/153\/revisions"}],"predecessor-version":[{"id":154,"href":"https:\/\/praxis-echte.de\/arzt\/wp-json\/wp\/v2\/pages\/153\/revisions\/154"}],"wp:attachment":[{"href":"https:\/\/praxis-echte.de\/arzt\/wp-json\/wp\/v2\/media?parent=153"}],"curies":[{"name":"wp","href":"https:\/\/api.w.org\/{rel}","templated":true}]}}