{"id":144,"date":"2025-12-19T16:59:37","date_gmt":"2025-12-19T15:59:37","guid":{"rendered":"https:\/\/praxis-echte.de\/arzt\/?page_id=144"},"modified":"2025-12-19T16:59:37","modified_gmt":"2025-12-19T15:59:37","slug":"individuelle-gesundheitsleistungen","status":"publish","type":"page","link":"https:\/\/praxis-echte.de\/arzt\/individuelle-gesundheitsleistungen\/","title":{"rendered":"Individuelle Gesundheitsleistungen"},"content":{"rendered":"\n<p><strong>IGel &#8211; Individuelle Gesundheits-Leistungen<\/strong> Dies sind Leistungen, deren Kosten von den gesetzlichen Krankenkassen nicht erstattet werden. Dabei kann es sich beispielsweise um Laboruntersuchungen aber auch weiterf\u00fchrende Untersuchungen wie z.B. Ultraschall handeln. Wir halten dies so, dass jede Leistung, die wir aufgrund von Beschwerden oder Befunden bei Ihnen f\u00fcr medizinisch erforderlich halten, Sie kein Geld kosten wird. Wenn z.B. eine besondere Blutuntersuchung erforderlich scheint, wird sie entweder bei uns veranlasst oder Sie werden an die entsprechenden Fachspezialisten weitergeleitet. Daher werden Ihnen von uns aus keine &#8222;IGel&#8220;-Leistungen angeboten werden. Nat\u00fcrlich k\u00f6nnen Sie dennoch jede Dienst- und Laborleistung \u00fcber uns erhalten bzw. vermittelt bekommen, die nicht unbedingt zur Abkl\u00e4rung oder Verlaufskontrolle erforderlich ist, wenn Sie etwas Zus\u00e4tzliches wissen m\u00f6chten. \u00a0<\/p>\n","protected":false},"excerpt":{"rendered":"<p>IGel &#8211; Individuelle Gesundheits-Leistungen Dies sind Leistungen, deren Kosten von den gesetzlichen Krankenkassen nicht erstattet werden. Dabei kann es sich beispielsweise um Laboruntersuchungen aber auch weiterf\u00fchrende Untersuchungen wie z.B. Ultraschall handeln. Wir halten dies so, dass jede Leistung, die wir aufgrund von Beschwerden oder Befunden bei Ihnen f\u00fcr medizinisch erforderlich halten, Sie kein Geld kosten [&hellip;]<\/p>\n","protected":false},"author":1,"featured_media":0,"parent":0,"menu_order":0,"comment_status":"closed","ping_status":"closed","template":"page-with-sidebar","meta":{"footnotes":""},"class_list":["post-144","page","type-page","status-publish","hentry"],"_links":{"self":[{"href":"https:\/\/praxis-echte.de\/arzt\/wp-json\/wp\/v2\/pages\/144","targetHints":{"allow":["GET"]}}],"collection":[{"href":"https:\/\/praxis-echte.de\/arzt\/wp-json\/wp\/v2\/pages"}],"about":[{"href":"https:\/\/praxis-echte.de\/arzt\/wp-json\/wp\/v2\/types\/page"}],"author":[{"embeddable":true,"href":"https:\/\/praxis-echte.de\/arzt\/wp-json\/wp\/v2\/users\/1"}],"replies":[{"embeddable":true,"href":"https:\/\/praxis-echte.de\/arzt\/wp-json\/wp\/v2\/comments?post=144"}],"version-history":[{"count":1,"href":"https:\/\/praxis-echte.de\/arzt\/wp-json\/wp\/v2\/pages\/144\/revisions"}],"predecessor-version":[{"id":145,"href":"https:\/\/praxis-echte.de\/arzt\/wp-json\/wp\/v2\/pages\/144\/revisions\/145"}],"wp:attachment":[{"href":"https:\/\/praxis-echte.de\/arzt\/wp-json\/wp\/v2\/media?parent=144"}],"curies":[{"name":"wp","href":"https:\/\/api.w.org\/{rel}","templated":true}]}}