{"id":136,"date":"2025-12-19T16:41:14","date_gmt":"2025-12-19T15:41:14","guid":{"rendered":"https:\/\/praxis-echte.de\/arzt\/?page_id=136"},"modified":"2026-03-27T13:28:21","modified_gmt":"2026-03-27T12:28:21","slug":"rund-um-die-praxis","status":"publish","type":"page","link":"https:\/\/praxis-echte.de\/arzt\/rund-um-die-praxis\/","title":{"rendered":"Rund um die Praxis"},"content":{"rendered":"\n<div data-wp-context=\"{ &quot;autoclose&quot;: false, &quot;accordionItems&quot;: [] }\" data-wp-interactive=\"core\/accordion\" role=\"group\" class=\"wp-block-accordion is-layout-flow wp-block-accordion-is-layout-flow\">\n<div data-wp-class--is-open=\"state.isOpen\" data-wp-context=\"{ &quot;id&quot;: &quot;accordion-item-1&quot;, &quot;openByDefault&quot;: false }\" data-wp-init=\"callbacks.initAccordionItems\" data-wp-on-window--hashchange=\"callbacks.hashChange\" class=\"wp-block-accordion-item is-layout-flow wp-block-accordion-item-is-layout-flow\">\n<h3 class=\"wp-block-accordion-heading\"><button aria-expanded=\"false\" aria-controls=\"accordion-item-1-panel\" data-wp-bind--aria-expanded=\"state.isOpen\" data-wp-on--click=\"actions.toggle\" data-wp-on--keydown=\"actions.handleKeyDown\" id=\"accordion-item-1\" type=\"button\" class=\"wp-block-accordion-heading__toggle\"><span class=\"wp-block-accordion-heading__toggle-icon\" aria-hidden=\"true\">+<\/span><span class=\"wp-block-accordion-heading__toggle-title\">Hausbesuche<\/span><\/button><\/h3>\n\n\n\n<div inert aria-labelledby=\"accordion-item-1\" data-wp-bind--inert=\"!state.isOpen\" id=\"accordion-item-1-panel\" role=\"region\" class=\"wp-block-accordion-panel is-layout-flow wp-block-accordion-panel-is-layout-flow\">\n<p>Als Hausarzt f\u00fchren wir bei medizinischer Notwendigkeit auf Anfrage selbstverst\u00e4ndlich auch Hausbesuche durch.<br>Wir m\u00f6chten Sie bitten, einen Hausbesuch telefonisch bis 10 Uhr anzumelden, damit wir gen\u00fcgend Zeit f\u00fcr die Organisation haben.<\/p>\n<\/div>\n<\/div>\n\n\n\n<div data-wp-class--is-open=\"state.isOpen\" data-wp-context=\"{ &quot;id&quot;: &quot;accordion-item-2&quot;, &quot;openByDefault&quot;: false }\" data-wp-init=\"callbacks.initAccordionItems\" data-wp-on-window--hashchange=\"callbacks.hashChange\" class=\"wp-block-accordion-item is-layout-flow wp-block-accordion-item-is-layout-flow\">\n<h3 class=\"wp-block-accordion-heading\"><button aria-expanded=\"false\" aria-controls=\"accordion-item-2-panel\" data-wp-bind--aria-expanded=\"state.isOpen\" data-wp-on--click=\"actions.toggle\" data-wp-on--keydown=\"actions.handleKeyDown\" id=\"accordion-item-2\" type=\"button\" class=\"wp-block-accordion-heading__toggle\"><span class=\"wp-block-accordion-heading__toggle-icon\" aria-hidden=\"true\">+<\/span><span class=\"wp-block-accordion-heading__toggle-title\">Aktuelles<\/span><\/button><\/h3>\n\n\n\n<div inert aria-labelledby=\"accordion-item-2\" data-wp-bind--inert=\"!state.isOpen\" id=\"accordion-item-2-panel\" role=\"region\" class=\"wp-block-accordion-panel is-layout-flow wp-block-accordion-panel-is-layout-flow\">\n<p><\/p>\n<\/div>\n<\/div>\n\n\n\n<div data-wp-class--is-open=\"state.isOpen\" data-wp-context=\"{ &quot;id&quot;: &quot;accordion-item-3&quot;, &quot;openByDefault&quot;: false }\" data-wp-init=\"callbacks.initAccordionItems\" data-wp-on-window--hashchange=\"callbacks.hashChange\" class=\"wp-block-accordion-item is-layout-flow wp-block-accordion-item-is-layout-flow\">\n<h3 class=\"wp-block-accordion-heading\"><button aria-expanded=\"false\" aria-controls=\"accordion-item-3-panel\" data-wp-bind--aria-expanded=\"state.isOpen\" data-wp-on--click=\"actions.toggle\" data-wp-on--keydown=\"actions.handleKeyDown\" id=\"accordion-item-3\" type=\"button\" class=\"wp-block-accordion-heading__toggle\"><span class=\"wp-block-accordion-heading__toggle-icon\" aria-hidden=\"true\">+<\/span><span class=\"wp-block-accordion-heading__toggle-title\">Hausarztvertrag<\/span><\/button><\/h3>\n\n\n\n<div inert aria-labelledby=\"accordion-item-3\" data-wp-bind--inert=\"!state.isOpen\" id=\"accordion-item-3-panel\" role=\"region\" class=\"wp-block-accordion-panel is-layout-flow wp-block-accordion-panel-is-layout-flow\">\n<p><strong>Hausarztzentrierte Versorgung&nbsp;<\/strong><br>In Deutschland haben die meisten Patienten einen festen Hausarzt. Er stellt f\u00fcr viele Versicherte den ersten Ansprechpartner bei gesundheitlichen Problemen dar. Damit ist der Hausarzt pr\u00e4destiniert f\u00fcr seine Patienten eine Lotsenfunktion in unserem Gesundheitssystem zu \u00fcbernehmen. Patienten k\u00f6nnen sich freiwillig in ein Programm zur hausarztzentrierten Versorgung ihrer Krankenkasse einschreiben. Im Krankheitsfall sollten die Patienten nach M\u00f6glichkeit erst diesen gew\u00e4hlten Hausarzt aufsuchen, der sie im Bedarfsfall an einen Facharzt \u00fcberweisen kann. Augen- und Frauen\u00e4rzte k\u00f6nnen die Patienten weiterhin direkt konsultieren. Viele Programme erhalten auch besondere Serviceangebote f\u00fcr Versicherte. Beispiele hierf\u00fcr sind spezielle Vorsorgeuntersuchungen. Detaillierte Informationen \u00fcber die einzelnen Hausarztmodelle erhalten Versicherte bei ihrer jeweiligen Krankenkasse. Gerne w\u00fcrden wir diese Funktion f\u00fcr Sie \u00fcbernehmen und Ihre Versorgung auch \u00fcber die einzelnen Versorgungsebenen hinweg koordinieren, sprechen Sie uns gerne an. Derzeit nehmen wir an den Hausarztvertr\u00e4gen folgender Krankenkassen teil: AOK, DAK, Barmer, SVLGF und Pronova BKK.<\/p>\n<\/div>\n<\/div>\n\n\n\n<div data-wp-class--is-open=\"state.isOpen\" data-wp-context=\"{ &quot;id&quot;: &quot;accordion-item-4&quot;, &quot;openByDefault&quot;: false }\" data-wp-init=\"callbacks.initAccordionItems\" data-wp-on-window--hashchange=\"callbacks.hashChange\" class=\"wp-block-accordion-item is-layout-flow wp-block-accordion-item-is-layout-flow\">\n<h3 class=\"wp-block-accordion-heading\"><button aria-expanded=\"false\" aria-controls=\"accordion-item-4-panel\" data-wp-bind--aria-expanded=\"state.isOpen\" data-wp-on--click=\"actions.toggle\" data-wp-on--keydown=\"actions.handleKeyDown\" id=\"accordion-item-4\" type=\"button\" class=\"wp-block-accordion-heading__toggle\"><span class=\"wp-block-accordion-heading__toggle-icon\" aria-hidden=\"true\">+<\/span><span class=\"wp-block-accordion-heading__toggle-title\">Terminsprechstunde<\/span><\/button><\/h3>\n\n\n\n<div inert aria-labelledby=\"accordion-item-4\" data-wp-bind--inert=\"!state.isOpen\" id=\"accordion-item-4-panel\" role=\"region\" class=\"wp-block-accordion-panel is-layout-flow wp-block-accordion-panel-is-layout-flow\">\n<p>Um einen m\u00f6glichst reibungslosen Ablauf und m\u00f6glichst geringe Wartezeiten zu gew\u00e4hrleisten, f\u00fchren wir eine Terminsprechstunde. Bei planbaren medizinischen Anliegen vereinbaren Sie bitte einen Termin mit uns. Gestatten Sie uns bitte, den Grund Ihres Anliegens zu erfragen, so dass wir ausreichend Zeit f\u00fcr Sie einplanen k\u00f6nnen.<br>Bitte haben Sie dennoch Verst\u00e4ndnis daf\u00fcr, dass es zu unvorhersehbaren Verschiebungen kommen kann. Wir sind eine Hausarztpraxis und k\u00f6nnen auf keine andere Praxis verweisen. Selbstverst\u00e4ndlich m\u00fcssen wir alle echten medizinischen Notf\u00e4lle jederzeit kurzfristig einschieben. Notf\u00e4lle sind nicht planbar. Es kann auch passieren, dass&nbsp;mitten in der Sprechstunde Notfallhausbesuche durchzuf\u00fchren sind. Wenn Sie selbst einmal in Not sind, werden Sie das sehr zu sch\u00e4tzen wissen!<br>M\u00fcssen oder m\u00f6chten Sie ohne Termin \u2013 zwar nicht als echter Notfall, aber mit einem dringenden Anliegen \u2013 in die Sprechstunde kommen, so ist dies kein Problem: rufen Sie einfach vorher kurz an, wir sagen Ihnen, wann es am besten passt. Bitte haben Sie daf\u00fcr Verst\u00e4ndnis, dass wir uns bei einer eingeschobenen dringenden Behandlung nur sehr konzentriert um Ihr aktuelles gesundheitliches Problem k\u00fcmmern k\u00f6nnen, f\u00fcr ein ausf\u00fchrlicheres Gespr\u00e4ch sollten Sie dann einen Termin vereinbaren.<br>Montags in der Zeit von 8.00 \u2013 12.00 Uhr haben wir eine offene Sprechstunde. Hier k\u00f6nnen Sie sich gerne ohne Termin, sofern es sich um eine akute Erkrankung handelt, in unserer Praxis vorstellen.mationen \u00fcber die einzelnen Hausarztmodelle erhalten Versicherte bei ihrer jeweiligen Krankenkasse. Gerne w\u00fcrden wir diese Funktion f\u00fcr Sie \u00fcbernehmen und Ihre Versorgung auch \u00fcber die einzelnen Versorgungsebenen hinweg koordinieren, sprechen Sie uns gerne an. Derzeit nehmen wir an den Hausarztvertr\u00e4gen folgender Krankenkassen teil: AOK, DAK, Barmer, SVLGF und Pronova BKK.<\/p>\n<\/div>\n<\/div>\n\n\n\n<div data-wp-class--is-open=\"state.isOpen\" data-wp-context=\"{ &quot;id&quot;: &quot;accordion-item-5&quot;, &quot;openByDefault&quot;: false }\" data-wp-init=\"callbacks.initAccordionItems\" data-wp-on-window--hashchange=\"callbacks.hashChange\" class=\"wp-block-accordion-item is-layout-flow wp-block-accordion-item-is-layout-flow\">\n<h3 class=\"wp-block-accordion-heading\"><button aria-expanded=\"false\" aria-controls=\"accordion-item-5-panel\" data-wp-bind--aria-expanded=\"state.isOpen\" data-wp-on--click=\"actions.toggle\" data-wp-on--keydown=\"actions.handleKeyDown\" id=\"accordion-item-5\" type=\"button\" class=\"wp-block-accordion-heading__toggle\"><span class=\"wp-block-accordion-heading__toggle-icon\" aria-hidden=\"true\">+<\/span><span class=\"wp-block-accordion-heading__toggle-title\">Praxisurlaub<\/span><\/button><\/h3>\n\n\n\n<div inert aria-labelledby=\"accordion-item-5\" data-wp-bind--inert=\"!state.isOpen\" id=\"accordion-item-5-panel\" role=\"region\" class=\"wp-block-accordion-panel is-layout-flow wp-block-accordion-panel-is-layout-flow\">\n<p>Die Praxis ist fast das ganze Jahr \u00fcber f\u00fcr Sie besetzt. Allerdings sind wir urlaubsbedingt nicht immer beide f\u00fcr Sie zu sprechen. In dieser Zeit kann es zu abweichenden Sprechzeiten in der Praxis kommen. Diese werden Ihnen auf dem Anrufbeantworter sowie als Aushang in der Praxis mitgeteilt.<\/p>\n\n\n\n<p>Bitte beachten sie unsere Praxisschlie\u00dfzeiten wegen <strong>Urlaub 2026\/2027 <\/strong>an den folgenden Tagen:&nbsp;<\/p>\n\n\n\n<p><strong>11.02.2026<\/strong><\/p>\n\n\n\n<p>Vertretung:<\/p>\n\n\n\n<p>Praxis Gerhold<br>D\u00fcnenangerstrasse 16<br>37154 Langenholtensen<br>Telefon: 0551\/54967<\/p>\n\n\n\n<p><strong>18.03.2026<\/strong><\/p>\n\n\n\n<p>Vertretung:<\/p>\n\n\n\n<p>Dr. Faranak Gharemanpour<br>Auetalstr. 88<br>37589 Kalefeld<br>Telefon: 05553\/2870<\/p>\n\n\n\n<p><strong>27.03.2026<\/strong><\/p>\n\n\n\n<p>Vertretung:<\/p>\n\n\n\n<p>Praxis Gerhold<br>D\u00fcnenangerstrasse 16<br>37154 Langenholtensen<br>Telefon: 0551\/54967<\/p>\n\n\n\n<p><strong>23.04.2026<\/strong><\/p>\n\n\n\n<p>Vertretung:<\/p>\n\n\n\n<p>Dr. Faranak Gharemanpour<br>Auetalstr. 88<br>37589 Kalefeld<br>Telefon: 05553\/2870<br>und<br>Praxis Gerhold <br>D\u00fcnenangerstrasse 16<br>37154 Langenholtensen<br>Telefon: 0551\/54967<\/p>\n\n\n\n<p><strong>26.05.2026<\/strong><\/p>\n\n\n\n<p>Vertretung:<\/p>\n\n\n\n<p>Dr. Faranak Gharemanpour<br>Auetalstr. 88<br>37589 Kalefeld<br>Telefon: 05553\/2870<br>und<br>Praxis Liehm<br>Steinweg 2<br>37574 Einbeck<br>Telefon: 05563\/95040<\/p>\n\n\n\n<p><strong>13.07.2026 &#8211; 24.07.2026<\/strong><\/p>\n\n\n\n<p>Vertretung:<\/p>\n\n\n\n<p>Dr. Faranak Gharemanpour<br>Auetalstr. 88<br>37589 Kalefeld<br>Telefon: 05553\/2870<br>und<br>Praxis Gerhold <strong>(nur vom 13.07.-18.07.2026)<\/strong><br>D\u00fcnenangerstrasse 16<br>37154 Langenholtensen<br>Telefon: 0551\/54967<\/p>\n\n\n\n<p><strong>04.01.2027 &#8211; 08.01.2027<\/strong><\/p>\n\n\n\n<p>Vertretung<\/p>\n\n\n\n<p>Dr. Faranak Gharemanpour<br>Auetalstr. 88<br>37589 Kalefeld<br>Telefon: 05553\/2870<br>und<br>Praxis Gerhold<br>D\u00fcnenangerstrasse 16<br>37154 Langenholtensen<br>Telefon: 0551\/54967<\/p>\n<\/div>\n<\/div>\n\n\n\n<div data-wp-class--is-open=\"state.isOpen\" data-wp-context=\"{ &quot;id&quot;: &quot;accordion-item-6&quot;, &quot;openByDefault&quot;: false }\" data-wp-init=\"callbacks.initAccordionItems\" data-wp-on-window--hashchange=\"callbacks.hashChange\" class=\"wp-block-accordion-item is-layout-flow wp-block-accordion-item-is-layout-flow\">\n<h3 class=\"wp-block-accordion-heading\"><button aria-expanded=\"false\" aria-controls=\"accordion-item-6-panel\" data-wp-bind--aria-expanded=\"state.isOpen\" data-wp-on--click=\"actions.toggle\" data-wp-on--keydown=\"actions.handleKeyDown\" id=\"accordion-item-6\" type=\"button\" class=\"wp-block-accordion-heading__toggle\"><span class=\"wp-block-accordion-heading__toggle-icon\" aria-hidden=\"true\">+<\/span><span class=\"wp-block-accordion-heading__toggle-title\">Stellenangebote<\/span><\/button><\/h3>\n\n\n\n<div inert aria-labelledby=\"accordion-item-6\" data-wp-bind--inert=\"!state.isOpen\" id=\"accordion-item-6-panel\" role=\"region\" class=\"wp-block-accordion-panel is-layout-flow wp-block-accordion-panel-is-layout-flow\">\n<p>Zur Zeit sind leider keine offenen Stellen zu besetzten. Schauen sie gerne von Zeit zu Zeit wieder rein. <\/p>\n<\/div>\n<\/div>\n\n\n\n<div data-wp-class--is-open=\"state.isOpen\" data-wp-context=\"{ &quot;id&quot;: &quot;accordion-item-7&quot;, &quot;openByDefault&quot;: false }\" data-wp-init=\"callbacks.initAccordionItems\" data-wp-on-window--hashchange=\"callbacks.hashChange\" class=\"wp-block-accordion-item is-layout-flow wp-block-accordion-item-is-layout-flow\">\n<h3 class=\"wp-block-accordion-heading\"><button aria-expanded=\"false\" aria-controls=\"accordion-item-7-panel\" data-wp-bind--aria-expanded=\"state.isOpen\" data-wp-on--click=\"actions.toggle\" data-wp-on--keydown=\"actions.handleKeyDown\" id=\"accordion-item-7\" type=\"button\" class=\"wp-block-accordion-heading__toggle\"><span class=\"wp-block-accordion-heading__toggle-icon\" aria-hidden=\"true\">+<\/span><span class=\"wp-block-accordion-heading__toggle-title\">Patienteninformation Datenschutz<\/span><\/button><\/h3>\n\n\n\n<div inert aria-labelledby=\"accordion-item-7\" data-wp-bind--inert=\"!state.isOpen\" id=\"accordion-item-7-panel\" role=\"region\" class=\"wp-block-accordion-panel is-layout-flow wp-block-accordion-panel-is-layout-flow\">\n<p>Sehr geehrte Patientin, sehr geehrter Patient,<br>der Schutz Ihrer personenbezogenen Daten ist uns wichtig. Nach der EU-Datenschutz-Grundverordnung (DSGVO) sind wir verpflichtet, Sie dar\u00fcber zu informieren, zu welchem Zweck unsere Praxis Daten erhebt, speichert oder weiterleitet. Der Information k\u00f6nnen Sie auch entnehmen, welche Rechte Sie in puncto Datenschutz haben.<br><strong>VERANTWORTLICHKEIT F\u00dcR DIE DATENVERARBEITUNG<\/strong><br>Verantwortlich f\u00fcr die Datenverarbeitung ist: D. Seidel &amp; Dr. J. Brunotte<br>Praxisname: Gemeinschaftspraxis D. Seidel &amp; Dr. J. Brunotte<br>Adresse (Stra\u00dfe, Hausnummer, Postleitzahl, Ort): Unterdorf 12, 37589 Echte\/Kalefeld<br>Kontaktdaten (z.B. Telefon, E-Mail): 05553\/1344; post@praxis-echte.de<br>Sie erreichen die zust\u00e4ndige Datenschutzbeauftragte unter:<br>Name: Susanne Reinecke<br>Anschrift: Unterdorf 12<br>Kontaktdaten: post@praxis-echte.de<br><strong>ZWECK DER DATENVERARBEITUNG<\/strong><br>Die Datenverarbeitung erfolgt aufgrund gesetzlicher Vorgaben, um den Behandlungsvertrag zwischen Ihnen und Ihrem Arzt und die damit verbundenen Pflichten zu erf\u00fcllen.<br>Hierzu verarbeiten wir Ihre personenbezogenen Daten, insbesondere Ihre Gesundheitsdaten. Dazu z\u00e4hlen Anamnesen, Diagnosen, Therapievorschl\u00e4ge und Befunde, die wir oder andere \u00c4rzte erheben. Zu diesen Zwecken k\u00f6nnen uns auch andere \u00c4rzte oder Psychotherapeuten, bei denen Sie in Behandlung sind, Daten zur Verf\u00fcgung stellen (z.B. in Arztbriefen).<br>Die Erhebung von Gesundheitsdaten ist Voraussetzung f\u00fcr Ihre Behandlung. Werden die notwendigen Informationen nicht bereitgestellt, kann eine sorgf\u00e4ltige Behandlung nicht erfolgen.<br><strong>EMPF\u00c4NGER IHRER DATEN<\/strong><br>Wir \u00fcbermitteln Ihre personenbezogenen Daten nur dann an Dritte, wenn dies gesetzlich erlaubt ist oder Sie eingewilligt haben.<br>Empf\u00e4nger Ihrer personenbezogenen Daten k\u00f6nnen vor allem andere \u00c4rzte \/ Psychotherapeuten, Kassen\u00e4rztliche Vereinigungen, Krankenkassen, der Medizinische Dienst der Krankenversicherung, \u00c4rztekammern und privat\u00e4rztliche Verrechnungsstellen sein.<br>Die \u00dcbermittlung erfolgt \u00fcberwiegend zum Zwecke der Abrechnung der bei Ihnen erbrachten Leistungen, zur Kl\u00e4rung von medizinischen und sich aus Ihrem Versicherungsverh\u00e4ltnis ergebenden Fragen. Im Einzelfall erfolgt die \u00dcbermittlung von Daten an weitere berechtigte Empf\u00e4nger.<br><strong>SPEICHERUNG IHRER DATEN<\/strong><br>Wir bewahren Ihre personenbezogenen Daten nur solange auf, wie dies f\u00fcr die Durchf\u00fchrung der Behandlung erforderlich ist.<br>Aufgrund rechtlicher Vorgaben sind wir dazu verpflichtet, diese Daten mindestens 10 Jahre nach Abschluss der Behandlung aufzubewahren. Nach anderen Vorschriften k\u00f6nnen sich l\u00e4ngere Aufbewahrungsfristen ergeben, zum Beispiel 30 Jahre bei R\u00f6ntgenaufzeichnungen laut Paragraf 28 Absatz 3 der R\u00f6ntgenverordnung.<br><strong>IHRE RECHTE<\/strong><br>Sie haben das Recht, \u00fcber die Sie betreffenden personenbezogenen Daten Auskunft zu erhalten. Auch k\u00f6nnen Sie die Berichtigung unrichtiger Daten verlangen.<br>Dar\u00fcber hinaus steht Ihnen unter bestimmten Voraussetzungen das Recht auf L\u00f6schung von Daten, das Recht auf Einschr\u00e4nkung der Datenverarbeitung sowie das Recht auf Daten\u00fcbertragbarkeit zu.<br>Die Verarbeitung Ihrer Daten erfolgt auf Basis von gesetzlichen Regelungen. Nur in Ausnahmef\u00e4llen ben\u00f6tigen wir Ihr Einverst\u00e4ndnis. In diesen F\u00e4llen haben Sie das Recht, die Einwilligung f\u00fcr die zuk\u00fcnftige Verarbeitung zu widerrufen.<br>Sie haben ferner das Recht, sich bei der zust\u00e4ndigen Aufsichtsbeh\u00f6rde f\u00fcr den Datenschutz zu beschweren, wenn Sie der Ansicht sind, dass die Verarbeitung Ihrer personenbezogenen Daten nicht rechtm\u00e4\u00dfig erfolgt.<br>Die Anschrift der f\u00fcr uns zust\u00e4ndigen Aufsichtsbeh\u00f6rde lautet:<br>Name: Landesbeauftrage f\u00fcr Datenschutz Niedersachsen<br>Anschrift: Prinzenstra\u00dfe 5, 30159 Hannover<br><strong>RECHTLICHE GRUNDLAGEN<\/strong><br>Rechtsgrundlage f\u00fcr die Verarbeitung Ihrer Daten ist Artikel 9 Absatz 2 lit. h) DSGVO in Verbindung mit Paragraf 22 Absatz 1 Nr. 1 lit. b) Bundesdatenschutzgesetz. Sollten Sie Fragen haben, k\u00f6nnen Sie sich gern an uns wenden.<br>Ihr Praxisteam<br>Sprechzeiten<br>Mo \u2013 Fr:&nbsp;&nbsp;&nbsp;&nbsp;&nbsp;&nbsp;&nbsp; 8 \u2013 12 Uhr<br>(Tel. vormittags nur bis 11 Uhr)<br>Mo, Di, Do&nbsp;&nbsp; 15 \u2013 18 Uhr<br>und nach Vereinbarung<br>Kontakt<br>Unterdorf 12<br>37589 Kalefeld \u2013 Echte<br>Tel:&nbsp;&nbsp;&nbsp;&nbsp;&nbsp; 05553 \/ 1344<br>Fax:&nbsp;&nbsp;&nbsp;&nbsp; 05553 \/ 919684<br>Mail: &nbsp; post@praxis-echte.de<br>&nbsp;<br>&nbsp;<br><br><br><br><br><a href=\"https:\/\/praxis-echte.de\/kontakt-und-anfahrt\/\">Kontakt und Anfahrt<\/a><br>&nbsp;<a href=\"https:\/\/praxis-echte.de\/impressum\/\">Impressum<\/a><br>&nbsp;<a href=\"https:\/\/praxis-echte.de\/datenschutz\/\">Datenschutz<\/a><br>\u00a9 2024 Praxis Echte<br>Vertretung<br>Dr. Faranak Gharemanpour<br>Auetalstr. 88<br>37589 Kalefeld<br>Telefon: 05553\/2870<br>Praxis Gerhold<br>D\u00fcnenangerstrasse 16<br>37154 Langenholtensen<br>Telefon: 0551\/54967e sind nicht planbar. Es kann auch passieren, dass&nbsp;mitten in der Sprechstunde Notfallhausbesuche durchzuf\u00fchren sind. Wenn Sie selbst einmal in Not sind, werden Sie das sehr zu sch\u00e4tzen wissen!<br>M\u00fcssen oder m\u00f6chten Sie ohne Termin \u2013 zwar nicht als echter Notfall, aber mit einem dringenden Anliegen \u2013 in die Sprechstunde kommen, so ist dies kein Problem: rufen Sie einfach vorher kurz an, wir sagen Ihnen, wann es am besten passt. Bitte haben Sie daf\u00fcr Verst\u00e4ndnis, dass wir uns bei einer eingeschobenen dringenden Behandlung nur sehr konzentriert um Ihr aktuelles gesundheitliches Problem k\u00fcmmern k\u00f6nnen, f\u00fcr ein ausf\u00fchrlicheres Gespr\u00e4ch sollten Sie dann einen Termin vereinbaren.<br>Montags in der Zeit von 8.00 \u2013 12.00 Uhr haben wir eine offene Sprechstunde. Hier k\u00f6nnen Sie sich gerne ohne Termin, sofern es sich um eine akute Erkrankung handelt, in unserer Praxis vorstellen.mationen \u00fcber die einzelnen Hausarztmodelle erhalten Versicherte bei ihrer jeweiligen Krankenkasse. Gerne w\u00fcrden wir diese Funktion f\u00fcr Sie \u00fcbernehmen und Ihre Versorgung auch \u00fcber die einzelnen Versorgungsebenen hinweg koordinieren, sprechen Sie uns gerne an. Derzeit nehmen wir an den Hausarztvertr\u00e4gen folgender Krankenkassen teil: AOK, DAK, Barmer, SVLGF und Pronova BKK.<\/p>\n<\/div>\n<\/div>\n<\/div>\n","protected":false},"excerpt":{"rendered":"","protected":false},"author":1,"featured_media":0,"parent":0,"menu_order":0,"comment_status":"closed","ping_status":"closed","template":"page-with-sidebar","meta":{"footnotes":""},"class_list":["post-136","page","type-page","status-publish","hentry"],"_links":{"self":[{"href":"https:\/\/praxis-echte.de\/arzt\/wp-json\/wp\/v2\/pages\/136","targetHints":{"allow":["GET"]}}],"collection":[{"href":"https:\/\/praxis-echte.de\/arzt\/wp-json\/wp\/v2\/pages"}],"about":[{"href":"https:\/\/praxis-echte.de\/arzt\/wp-json\/wp\/v2\/types\/page"}],"author":[{"embeddable":true,"href":"https:\/\/praxis-echte.de\/arzt\/wp-json\/wp\/v2\/users\/1"}],"replies":[{"embeddable":true,"href":"https:\/\/praxis-echte.de\/arzt\/wp-json\/wp\/v2\/comments?post=136"}],"version-history":[{"count":13,"href":"https:\/\/praxis-echte.de\/arzt\/wp-json\/wp\/v2\/pages\/136\/revisions"}],"predecessor-version":[{"id":518,"href":"https:\/\/praxis-echte.de\/arzt\/wp-json\/wp\/v2\/pages\/136\/revisions\/518"}],"wp:attachment":[{"href":"https:\/\/praxis-echte.de\/arzt\/wp-json\/wp\/v2\/media?parent=136"}],"curies":[{"name":"wp","href":"https:\/\/api.w.org\/{rel}","templated":true}]}}