{"id":113,"date":"2025-12-19T16:12:53","date_gmt":"2025-12-19T15:12:53","guid":{"rendered":"https:\/\/praxis-echte.de\/arzt\/?page_id=113"},"modified":"2026-03-27T13:29:12","modified_gmt":"2026-03-27T12:29:12","slug":"praxisurlaub","status":"publish","type":"page","link":"https:\/\/praxis-echte.de\/arzt\/praxisurlaub\/","title":{"rendered":"Praxisurlaub"},"content":{"rendered":"\n<p>Die Praxis ist fast das ganze Jahr \u00fcber f\u00fcr Sie besetzt. Allerdings sind wir urlaubsbedingt nicht immer beide f\u00fcr Sie zu sprechen. In dieser Zeit kann es zu abweichenden Sprechzeiten in der Praxis kommen. Diese werden Ihnen auf dem Anrufbeantworter sowie als Aushang in der Praxis mitgeteilt.<\/p>\n\n\n\n<p>Bitte beachten sie unsere Praxisschlie\u00dfzeiten wegen <strong>Urlaub 2026\/2027 <\/strong>an den folgenden Tagen:&nbsp;<\/p>\n\n\n\n<p><strong>11.02.2026<\/strong><\/p>\n\n\n\n<p>Vertretung:<\/p>\n\n\n\n<p>Praxis Gerhold<br>D\u00fcnenangerstrasse 16<br>37154 Langenholtensen<br>Telefon: 0551\/54967<\/p>\n\n\n\n<p><strong>18.03.2026<\/strong><\/p>\n\n\n\n<p>Vertretung:<\/p>\n\n\n\n<p>Dr. Faranak Gharemanpour<br>Auetalstr. 88<br>37589 Kalefeld<br>Telefon: 05553\/2870<\/p>\n\n\n\n<p><strong>27.03.2026<\/strong><\/p>\n\n\n\n<p>Vertretung:<\/p>\n\n\n\n<p>Praxis Gerhold<br>D\u00fcnenangerstrasse 16<br>37154 Langenholtensen<br>Telefon: 0551\/54967<\/p>\n\n\n\n<p><strong>23.04.2026<\/strong><\/p>\n\n\n\n<p>Vertretung:<\/p>\n\n\n\n<p>Dr. Faranak Gharemanpour<br>Auetalstr. 88<br>37589 Kalefeld<br>Telefon: 05553\/2870<br>und<br>Praxis Gerhold<br>D\u00fcnenangerstrasse 16<br>37154 Langenholtensen<br>Telefon: 0551\/54967<\/p>\n\n\n\n<p><strong>26.05.2026<\/strong><\/p>\n\n\n\n<p>Vertretung:<\/p>\n\n\n\n<p>Dr. Faranak Gharemanpour<br>Auetalstr. 88<br>37589 Kalefeld<br>Telefon: 05553\/2870<br>und<br>Praxis Liehm<br>Steinweg 2<br>37574 Einbeck<br>Telefon: 05563\/95040<\/p>\n\n\n\n<p><strong>13.07.2026 &#8211; 24.07.2026<\/strong><\/p>\n\n\n\n<p>Vertretung:<\/p>\n\n\n\n<p>Dr. Faranak Gharemanpour<br>Auetalstr. 88<br>37589 Kalefeld<br>Telefon: 05553\/2870<br>und<br>Praxis Gerhold <strong>(nur vom 13.07.-18.07.2026)<\/strong><br>D\u00fcnenangerstrasse 16<br>37154 Langenholtensen<br>Telefon: 0551\/54967<\/p>\n\n\n\n<p><strong>04.01.2027 &#8211; 08.01.2027<\/strong><\/p>\n\n\n\n<p>Vertretung<\/p>\n\n\n\n<p>Dr. Faranak Gharemanpour<br>Auetalstr. 88<br>37589 Kalefeld<br>Telefon: 05553\/2870<br>und<br>Praxis Gerhold<br>D\u00fcnenangerstrasse 16<br>37154 Langenholtensen<br>Telefon: 0551\/54967<\/p>\n","protected":false},"excerpt":{"rendered":"<p>Die Praxis ist fast das ganze Jahr \u00fcber f\u00fcr Sie besetzt. Allerdings sind wir urlaubsbedingt nicht immer beide f\u00fcr Sie zu sprechen. In dieser Zeit kann es zu abweichenden Sprechzeiten in der Praxis kommen. Diese werden Ihnen auf dem Anrufbeantworter sowie als Aushang in der Praxis mitgeteilt. Bitte beachten sie unsere Praxisschlie\u00dfzeiten wegen Urlaub 2026\/2027 [&hellip;]<\/p>\n","protected":false},"author":1,"featured_media":0,"parent":0,"menu_order":0,"comment_status":"closed","ping_status":"closed","template":"page-with-sidebar","meta":{"footnotes":""},"class_list":["post-113","page","type-page","status-publish","hentry"],"_links":{"self":[{"href":"https:\/\/praxis-echte.de\/arzt\/wp-json\/wp\/v2\/pages\/113","targetHints":{"allow":["GET"]}}],"collection":[{"href":"https:\/\/praxis-echte.de\/arzt\/wp-json\/wp\/v2\/pages"}],"about":[{"href":"https:\/\/praxis-echte.de\/arzt\/wp-json\/wp\/v2\/types\/page"}],"author":[{"embeddable":true,"href":"https:\/\/praxis-echte.de\/arzt\/wp-json\/wp\/v2\/users\/1"}],"replies":[{"embeddable":true,"href":"https:\/\/praxis-echte.de\/arzt\/wp-json\/wp\/v2\/comments?post=113"}],"version-history":[{"count":6,"href":"https:\/\/praxis-echte.de\/arzt\/wp-json\/wp\/v2\/pages\/113\/revisions"}],"predecessor-version":[{"id":519,"href":"https:\/\/praxis-echte.de\/arzt\/wp-json\/wp\/v2\/pages\/113\/revisions\/519"}],"wp:attachment":[{"href":"https:\/\/praxis-echte.de\/arzt\/wp-json\/wp\/v2\/media?parent=113"}],"curies":[{"name":"wp","href":"https:\/\/api.w.org\/{rel}","templated":true}]}}