{"id":111,"date":"2025-12-19T16:12:19","date_gmt":"2025-12-19T15:12:19","guid":{"rendered":"https:\/\/praxis-echte.de\/arzt\/?page_id=111"},"modified":"2025-12-19T16:12:19","modified_gmt":"2025-12-19T15:12:19","slug":"terminsprechstunde","status":"publish","type":"page","link":"https:\/\/praxis-echte.de\/arzt\/terminsprechstunde\/","title":{"rendered":"Terminsprechstunde"},"content":{"rendered":"\n<p>Um einen m\u00f6glichst reibungslosen Ablauf und m\u00f6glichst geringe Wartezeiten zu gew\u00e4hrleisten, f\u00fchren wir eine Terminsprechstunde. Bei planbaren medizinischen Anliegen vereinbaren Sie bitte einen Termin mit uns. Gestatten Sie uns bitte, den Grund Ihres Anliegens zu erfragen, so dass wir ausreichend Zeit f\u00fcr Sie einplanen k\u00f6nnen.<\/p>\n\n\n\n<p>Bitte haben Sie dennoch Verst\u00e4ndnis daf\u00fcr, dass es zu unvorhersehbaren Verschiebungen kommen kann. Wir sind eine Hausarztpraxis und k\u00f6nnen auf keine andere Praxis verweisen. Selbstverst\u00e4ndlich m\u00fcssen wir alle echten medizinischen Notf\u00e4lle jederzeit kurzfristig einschieben. Notf\u00e4lle sind nicht planbar. Es kann auch passieren, dass&nbsp;mitten in der Sprechstunde Notfallhausbesuche durchzuf\u00fchren sind. Wenn Sie selbst einmal in Not sind, werden Sie das sehr zu sch\u00e4tzen wissen!<\/p>\n\n\n\n<p>M\u00fcssen oder m\u00f6chten Sie ohne Termin \u2013 zwar nicht als echter Notfall, aber mit einem dringenden Anliegen \u2013 in die Sprechstunde kommen, so ist dies kein Problem: rufen Sie einfach vorher kurz an, wir sagen Ihnen, wann es am besten passt. Bitte haben Sie daf\u00fcr Verst\u00e4ndnis, dass wir uns bei einer eingeschobenen dringenden Behandlung nur sehr konzentriert um Ihr aktuelles gesundheitliches Problem k\u00fcmmern k\u00f6nnen, f\u00fcr ein ausf\u00fchrlicheres Gespr\u00e4ch sollten Sie dann einen Termin vereinbaren.<\/p>\n\n\n\n<p>Montags in der Zeit von 8.00 \u2013 12.00 Uhr haben wir eine offene Sprechstunde. Hier k\u00f6nnen Sie sich gerne ohne Termin, sofern es sich um eine akute Erkrankung handelt, in unserer Praxis vorstellen.<\/p>\n","protected":false},"excerpt":{"rendered":"<p>Um einen m\u00f6glichst reibungslosen Ablauf und m\u00f6glichst geringe Wartezeiten zu gew\u00e4hrleisten, f\u00fchren wir eine Terminsprechstunde. Bei planbaren medizinischen Anliegen vereinbaren Sie bitte einen Termin mit uns. Gestatten Sie uns bitte, den Grund Ihres Anliegens zu erfragen, so dass wir ausreichend Zeit f\u00fcr Sie einplanen k\u00f6nnen. Bitte haben Sie dennoch Verst\u00e4ndnis daf\u00fcr, dass es zu unvorhersehbaren [&hellip;]<\/p>\n","protected":false},"author":1,"featured_media":0,"parent":0,"menu_order":0,"comment_status":"closed","ping_status":"closed","template":"page-with-sidebar","meta":{"footnotes":""},"class_list":["post-111","page","type-page","status-publish","hentry"],"_links":{"self":[{"href":"https:\/\/praxis-echte.de\/arzt\/wp-json\/wp\/v2\/pages\/111","targetHints":{"allow":["GET"]}}],"collection":[{"href":"https:\/\/praxis-echte.de\/arzt\/wp-json\/wp\/v2\/pages"}],"about":[{"href":"https:\/\/praxis-echte.de\/arzt\/wp-json\/wp\/v2\/types\/page"}],"author":[{"embeddable":true,"href":"https:\/\/praxis-echte.de\/arzt\/wp-json\/wp\/v2\/users\/1"}],"replies":[{"embeddable":true,"href":"https:\/\/praxis-echte.de\/arzt\/wp-json\/wp\/v2\/comments?post=111"}],"version-history":[{"count":1,"href":"https:\/\/praxis-echte.de\/arzt\/wp-json\/wp\/v2\/pages\/111\/revisions"}],"predecessor-version":[{"id":112,"href":"https:\/\/praxis-echte.de\/arzt\/wp-json\/wp\/v2\/pages\/111\/revisions\/112"}],"wp:attachment":[{"href":"https:\/\/praxis-echte.de\/arzt\/wp-json\/wp\/v2\/media?parent=111"}],"curies":[{"name":"wp","href":"https:\/\/api.w.org\/{rel}","templated":true}]}}