{"id":107,"date":"2025-12-19T16:08:55","date_gmt":"2025-12-19T15:08:55","guid":{"rendered":"https:\/\/praxis-echte.de\/arzt\/?page_id=107"},"modified":"2025-12-19T16:08:55","modified_gmt":"2025-12-19T15:08:55","slug":"ihr-erster-besuch-bei-uns","status":"publish","type":"page","link":"https:\/\/praxis-echte.de\/arzt\/ihr-erster-besuch-bei-uns\/","title":{"rendered":"Ihr erster Besuch bei uns"},"content":{"rendered":"\n<p>Sie sind zum ersten Mal in unserer Praxis? Herzlich Willkommen !<\/p>\n\n\n\n<p>W\u00e4hrend Ihres ersten Termins bei uns werden Sie die Praxis und das Praxisteam pers\u00f6nlich kennenlernen. Dar\u00fcber hinaus werden wir Sie zu Vorerkrankungen und Medikamenten befragen und den aktuellen Gesundheitszustand erfassen.<\/p>\n\n\n\n<p>Bitte bringen Sie zum ersten Termin m\u00f6glichst folgende Dokumente mit:<\/p>\n\n\n\n<ul class=\"wp-block-list\">\n<li>G\u00fcltige Versichertenkarte<\/li>\n\n\n\n<li>\u00c4rztliche Vorbefunde<\/li>\n\n\n\n<li>Impfausweis<\/li>\n\n\n\n<li>Medikamentenplan<\/li>\n<\/ul>\n","protected":false},"excerpt":{"rendered":"<p>Sie sind zum ersten Mal in unserer Praxis? Herzlich Willkommen ! W\u00e4hrend Ihres ersten Termins bei uns werden Sie die Praxis und das Praxisteam pers\u00f6nlich kennenlernen. Dar\u00fcber hinaus werden wir Sie zu Vorerkrankungen und Medikamenten befragen und den aktuellen Gesundheitszustand erfassen. Bitte bringen Sie zum ersten Termin m\u00f6glichst folgende Dokumente mit:<\/p>\n","protected":false},"author":1,"featured_media":0,"parent":0,"menu_order":0,"comment_status":"closed","ping_status":"closed","template":"page-with-sidebar","meta":{"footnotes":""},"class_list":["post-107","page","type-page","status-publish","hentry"],"_links":{"self":[{"href":"https:\/\/praxis-echte.de\/arzt\/wp-json\/wp\/v2\/pages\/107","targetHints":{"allow":["GET"]}}],"collection":[{"href":"https:\/\/praxis-echte.de\/arzt\/wp-json\/wp\/v2\/pages"}],"about":[{"href":"https:\/\/praxis-echte.de\/arzt\/wp-json\/wp\/v2\/types\/page"}],"author":[{"embeddable":true,"href":"https:\/\/praxis-echte.de\/arzt\/wp-json\/wp\/v2\/users\/1"}],"replies":[{"embeddable":true,"href":"https:\/\/praxis-echte.de\/arzt\/wp-json\/wp\/v2\/comments?post=107"}],"version-history":[{"count":1,"href":"https:\/\/praxis-echte.de\/arzt\/wp-json\/wp\/v2\/pages\/107\/revisions"}],"predecessor-version":[{"id":108,"href":"https:\/\/praxis-echte.de\/arzt\/wp-json\/wp\/v2\/pages\/107\/revisions\/108"}],"wp:attachment":[{"href":"https:\/\/praxis-echte.de\/arzt\/wp-json\/wp\/v2\/media?parent=107"}],"curies":[{"name":"wp","href":"https:\/\/api.w.org\/{rel}","templated":true}]}}