{"id":105,"date":"2025-12-19T16:08:05","date_gmt":"2025-12-19T15:08:05","guid":{"rendered":"https:\/\/praxis-echte.de\/arzt\/?page_id=105"},"modified":"2025-12-19T16:08:05","modified_gmt":"2025-12-19T15:08:05","slug":"hausbesuche","status":"publish","type":"page","link":"https:\/\/praxis-echte.de\/arzt\/hausbesuche\/","title":{"rendered":"Hausbesuche"},"content":{"rendered":"\n<p>Als Hausarzt f\u00fchren wir bei medizinischer Notwendigkeit auf Anfrage selbstverst\u00e4ndlich auch Hausbesuche durch.<br>Wir m\u00f6chten Sie bitten, einen Hausbesuch telefonisch bis 10 Uhr anzumelden, damit wir gen\u00fcgend Zeit f\u00fcr die Organisation haben.<\/p>\n","protected":false},"excerpt":{"rendered":"<p>Als Hausarzt f\u00fchren wir bei medizinischer Notwendigkeit auf Anfrage selbstverst\u00e4ndlich auch Hausbesuche durch.Wir m\u00f6chten Sie bitten, einen Hausbesuch telefonisch bis 10 Uhr anzumelden, damit wir gen\u00fcgend Zeit f\u00fcr die Organisation haben.<\/p>\n","protected":false},"author":1,"featured_media":0,"parent":0,"menu_order":0,"comment_status":"closed","ping_status":"closed","template":"page-with-sidebar","meta":{"footnotes":""},"class_list":["post-105","page","type-page","status-publish","hentry"],"_links":{"self":[{"href":"https:\/\/praxis-echte.de\/arzt\/wp-json\/wp\/v2\/pages\/105","targetHints":{"allow":["GET"]}}],"collection":[{"href":"https:\/\/praxis-echte.de\/arzt\/wp-json\/wp\/v2\/pages"}],"about":[{"href":"https:\/\/praxis-echte.de\/arzt\/wp-json\/wp\/v2\/types\/page"}],"author":[{"embeddable":true,"href":"https:\/\/praxis-echte.de\/arzt\/wp-json\/wp\/v2\/users\/1"}],"replies":[{"embeddable":true,"href":"https:\/\/praxis-echte.de\/arzt\/wp-json\/wp\/v2\/comments?post=105"}],"version-history":[{"count":1,"href":"https:\/\/praxis-echte.de\/arzt\/wp-json\/wp\/v2\/pages\/105\/revisions"}],"predecessor-version":[{"id":106,"href":"https:\/\/praxis-echte.de\/arzt\/wp-json\/wp\/v2\/pages\/105\/revisions\/106"}],"wp:attachment":[{"href":"https:\/\/praxis-echte.de\/arzt\/wp-json\/wp\/v2\/media?parent=105"}],"curies":[{"name":"wp","href":"https:\/\/api.w.org\/{rel}","templated":true}]}}